{"id":11,"date":"2024-01-14T12:41:05","date_gmt":"2024-01-14T11:41:05","guid":{"rendered":"https:\/\/parlera.fr\/wp\/?page_id=11"},"modified":"2024-01-17T09:29:40","modified_gmt":"2024-01-17T08:29:40","slug":"les-centres-ressources-illettrisme","status":"publish","type":"page","link":"https:\/\/parlera.fr\/wp\/les-centres-ressources\/les-centres-ressources-illettrisme\/","title":{"rendered":"<i class=\"blicon-users2\"><\/i> Les missions des Centres Ressources Illettrisme (CRI)"},"content":{"rendered":"<p><span style=\"text-indent: 0em;\"><a href=\"https:\/\/parlera.fr\/wp\/les-centres-ressources\/les-centres-ressources-illettrisme\/\" target=\"_blank\" rel=\"noopener\"><img loading=\"lazy\" decoding=\"async\" class=\"wp-image-17700 alignleft\" src=\"https:\/\/parlera.fr\/wp\/wp-content\/uploads\/2021\/10\/equipe-300x200.jpeg\" alt=\"\" width=\"250\" height=\"166\" srcset=\"https:\/\/parlera.fr\/wp\/wp-content\/uploads\/2021\/10\/equipe-300x200.jpeg 300w, https:\/\/parlera.fr\/wp\/wp-content\/uploads\/2021\/10\/equipe-150x100.jpeg 150w, https:\/\/parlera.fr\/wp\/wp-content\/uploads\/2021\/10\/equipe.jpeg 720w\" sizes=\"auto, (max-width: 250px) 100vw, 250px\" \/><\/a><strong>ACTU JANVIER 2024<\/strong><br \/>\n<\/span><span style=\"text-indent: 0em;\">Les CRI sont garants de 3 missions principales d\u2019int\u00e9r\u00eat g\u00e9n\u00e9ral inscrites dans le <\/span><a style=\"text-indent: 0em;\" href=\"https:\/\/parlera.fr\/wp\/wp-content\/uploads\/2012\/09\/Canevas-national-CRI_2017.pdf\" target=\"_blank\" rel=\"noopener\">canevas national de l\u2019Agence Nationale de Lutte Contre l&#8217;Illettrisme (ANLCI)<\/a><span style=\"text-indent: 0em;\"> :<\/span><\/p>\n<p>&#x2666;\u00a0Veille \/\u00a0Information et orientation \/\u00a0Documentation<br \/>\n&#x2666;\u00a0Sensibilisation \/\u00a0Qualification \/\u00a0Professionnalisation des acteurs<br \/>\n&#x2666;\u00a0Expertise \/\u00a0Conseil \/\u00a0Ing\u00e9nierie p\u00e9dagogique \/\u00a0Appui technique<\/p>\n<hr \/>\n<table>\n<tbody>\n<tr>\n<td width=\"255\"><span style=\"color: #800000;\"><strong><span style=\"background-color: #ffcc00; color: #000000;\">Veille<\/span><\/strong><\/span><\/p>\n<p><span style=\"color: #000000; background-color: #ffcc00;\"><strong>Information<\/strong><\/span><\/p>\n<p><span style=\"color: #000000; background-color: #ffcc00;\"><strong>Orientation<\/strong><\/span><\/p>\n<p><span style=\"color: #000000; background-color: #ffcc00;\"><strong>Documentation<\/strong><\/span><\/td>\n<td width=\"482\"><strong>\u2013 Accueil et information pour tout public<\/strong> (habitants \/ acteurs\u00a0: salari\u00e9s, b\u00e9n\u00e9voles, individuels\u2026)<br \/>\n<strong>\u2013 Information et aide \u00e0 l\u2019orientation sur les dispositifs de formation<\/strong> (cartographie de l\u2019offre de formation pour l&#8217;apprentissage de la langue fran\u00e7aise ou des comp\u00e9tences de base : \u00e9criture, lecture, calcul, num\u00e9rique&#8230;)<br \/>\n<strong>\u2013 Documentation et mutualisation des ressources<\/strong> (outils p\u00e9dagogiques, r\u00e9f\u00e9rentiels, outils de positionnement, supports physiques ou num\u00e9riques\u2026)<br \/>\n<strong>\u2013 Communication, diffusion d\u2019outils d\u2019aide \u00e0 l\u2019orientation<\/strong><\/td>\n<td width=\"289\"><span style=\"font-size: 12px;\"><em>Moyens\u00a0:<\/em><\/span><\/p>\n<p><span style=\"font-size: 12px;\"><i>Rencontres au sein des CRI ou sur site<\/i><\/span><br \/>\n<span style=\"font-size: 12px;\"><i>Centres de documentation<\/i><\/span><br \/>\n<span style=\"font-size: 12px;\"><i>Pearltrees de\u00a0ressources\u00a0p\u00e9dagogiques<br \/>\n<\/i><i>Scoop-it th\u00e9matiques<\/i><\/span><br \/>\n<span style=\"font-size: 12px;\"><i>N\u00b0 Vert Illettrisme \/ N\u00b0 Vert du Rh\u00f4ne<\/i><\/span><br \/>\n<span style=\"font-size: 12px;\"><i>Portail\u00a0<\/i><a style=\"font-style: italic;\" href=\"http:\/\/www.parlera.fr\">www.parler<\/a><a style=\"font-style: italic;\" href=\"http:\/\/www.parlera.fr\">a.fr<\/a><i>\u00a0ou sites\u00a0internet des CRI<\/i><\/span><\/td>\n<\/tr>\n<\/tbody>\n<\/table>\n<hr \/>\n<table>\n<tbody>\n<tr>\n<td width=\"255\"><span style=\"color: #800000;\"><strong><span style=\"background-color: #ffcc00; color: #000000;\">Sensibilisation<\/span><\/strong><\/span><\/p>\n<p><span style=\"color: #000000; background-color: #ffcc00;\"><strong>Qualification<\/strong><\/span><\/p>\n<p><span style=\"color: #000000; background-color: #ffcc00;\"><strong>Professionnalisation<br \/>\ndes acteurs<\/strong><\/span><\/td>\n<td width=\"482\">\u2013 Conception, organisation et animation de <strong>sessions de sensibilisation, de qualification, de formation<\/strong> mais aussi de <strong>conf\u00e9rences<\/strong>, de <strong>groupes d\u2019\u00e9changes de pratiques<\/strong>\u2026<br \/>\n\u2013 A destination\u00a0: des <strong>acteurs\u00a0salari\u00e9s ou b\u00e9n\u00e9voles<\/strong> de l\u2019accueil, de l\u2019orientation, de la formation, de l\u2019emploi et de l\u2019insertion, des collectivit\u00e9s, des associations, des biblioth\u00e8ques&#8230;<\/td>\n<td width=\"289\"><span style=\"font-size: 12px;\"><em>Moyens\u00a0:<\/em><\/span><\/p>\n<p><span style=\"font-size: 12px;\"><em>Animations par les salari\u00e9s des CRI<br \/>\nMise \u00e0 disposition d\u2019intervenants sp\u00e9cialis\u00e9s<br \/>\nOrganisation au CRI ou sur site<\/em><\/span><\/td>\n<\/tr>\n<\/tbody>\n<\/table>\n<hr \/>\n<table>\n<tbody>\n<tr>\n<td width=\"255\"><span style=\"color: #800000;\"><strong><span style=\"background-color: #ffcc00; color: #000000;\">Expertise<\/span><\/strong><\/span><\/p>\n<p><span style=\"color: #000000; background-color: #ffcc00;\"><strong>Conseil<\/strong><\/span><\/p>\n<p><span style=\"color: #000000; background-color: #ffcc00;\"><strong>Ing\u00e9nierie p\u00e9dagogique<\/strong><\/span><\/p>\n<p><span style=\"color: #000000; background-color: #ffcc00;\"><strong>Appui technique<\/strong><\/span><\/td>\n<td width=\"482\"><strong>\u2013 Accompagnement d\u2019initiatives<\/strong> et d\u2019actions au niveau local, d\u00e9partemental, r\u00e9gional<br \/>\n<strong>\u2013 Appui \u00e0 la mise en \u0153uvre<\/strong> de projets d\u2019action, <strong>diagnostics<\/strong> territoriaux<br \/>\n<strong>\u2013 Suivi<\/strong> d\u2019actions au niveau d\u00e9partemental et r\u00e9gional, en lien avec le Conseil R\u00e9gional<br \/>\n<strong>\u2013 Relais<\/strong> sur les territoires, aupr\u00e8s des structures<br \/>\n<strong>\u2013 Veille, recherche, d\u00e9veloppement<\/strong><br \/>\n\u2013 Participation \u00e0 la politique r\u00e9gionale de <strong>pr\u00e9vention et de lutte contre l\u2019illettrisme<\/strong> en lien avec la charg\u00e9e de mission illettrisme du Conseil R\u00e9gional et avec la charg\u00e9e de mission r\u00e9gionale illettrisme\/SGAR\/ANLCI<br \/>\n\u2013 Participation \u00e0 la politique nationale en lien avec <strong>l\u2019ANLCI<\/strong><\/td>\n<td width=\"289\"><span style=\"font-size: 12px;\"><em>Moyens\u00a0:<\/em><\/span><\/p>\n<p><span style=\"font-size: 12px;\"><em>Diagnostic des besoins<br \/>\nRencontres au sein des CRI ou sur site<br \/>\n<\/em><em>Participation et animation de groupes de travail<br \/>\n<\/em><\/span><em><span style=\"font-size: 12px;\">(Co-)animation de comit\u00e9s de suivi, de pilotage<\/span><br \/>\n<\/em><\/td>\n<\/tr>\n<\/tbody>\n<\/table>\n<hr \/>\n<p><strong>Pour en savoir plus :<\/strong><\/p>\n<table>\n<tbody>\n<tr>\n<td width=\"342\"><a href=\"https:\/\/parlera.fr\/wp\/wp-content\/uploads\/2024\/01\/PRESENTATION-des-CRI-AURA_2024-01.pdf\" target=\"_blank\" rel=\"noopener\"><img loading=\"lazy\" decoding=\"async\" class=\"aligncenter wp-image-17702\" src=\"https:\/\/parlera.fr\/wp\/wp-content\/uploads\/2021\/10\/missionsCRI-AURA-261x300.png\" alt=\"\" width=\"150\" height=\"172\" srcset=\"https:\/\/parlera.fr\/wp\/wp-content\/uploads\/2021\/10\/missionsCRI-AURA-261x300.png 261w, https:\/\/parlera.fr\/wp\/wp-content\/uploads\/2021\/10\/missionsCRI-AURA-130x150.png 130w, https:\/\/parlera.fr\/wp\/wp-content\/uploads\/2021\/10\/missionsCRI-AURA-768x883.png 768w, https:\/\/parlera.fr\/wp\/wp-content\/uploads\/2021\/10\/missionsCRI-AURA-87x100.png 87w, https:\/\/parlera.fr\/wp\/wp-content\/uploads\/2021\/10\/missionsCRI-AURA.png 828w\" sizes=\"auto, (max-width: 150px) 100vw, 150px\" \/><\/a><\/td>\n<td width=\"342\">\u00a0<a href=\"https:\/\/parlera.fr\/wp\/wp-content\/uploads\/2024\/01\/Coordonn\u00e9es-des-CRI-AURA_2024-01.pdf\" target=\"_blank\" rel=\"noopener\"><img loading=\"lazy\" decoding=\"async\" class=\"size-medium wp-image-20584 aligncenter\" src=\"https:\/\/parlera.fr\/wp\/wp-content\/uploads\/2023\/04\/Coordonn\u00e9es-CRI-AURA-2023-300x195.png\" alt=\"\" width=\"300\" height=\"195\" srcset=\"https:\/\/parlera.fr\/wp\/wp-content\/uploads\/2023\/04\/Coordonn\u00e9es-CRI-AURA-2023-300x195.png 300w, https:\/\/parlera.fr\/wp\/wp-content\/uploads\/2023\/04\/Coordonn\u00e9es-CRI-AURA-2023-150x98.png 150w, https:\/\/parlera.fr\/wp\/wp-content\/uploads\/2023\/04\/Coordonn\u00e9es-CRI-AURA-2023-768x500.png 768w, https:\/\/parlera.fr\/wp\/wp-content\/uploads\/2023\/04\/Coordonn\u00e9es-CRI-AURA-2023-1024x666.png 1024w, https:\/\/parlera.fr\/wp\/wp-content\/uploads\/2023\/04\/Coordonn\u00e9es-CRI-AURA-2023-154x100.png 154w\" sizes=\"auto, (max-width: 300px) 100vw, 300px\" \/><\/a><\/td>\n<td width=\"342\"><a href=\"http:\/\/www.anlci.gouv.fr\/\"><img loading=\"lazy\" decoding=\"async\" class=\"size-full wp-image-20006 aligncenter\" src=\"https:\/\/parlera.fr\/wp\/wp-content\/uploads\/2023\/01\/ANLCI.png\" alt=\"\" width=\"280\" height=\"180\" srcset=\"https:\/\/parlera.fr\/wp\/wp-content\/uploads\/2023\/01\/ANLCI.png 280w, https:\/\/parlera.fr\/wp\/wp-content\/uploads\/2023\/01\/ANLCI-150x96.png 150w, https:\/\/parlera.fr\/wp\/wp-content\/uploads\/2023\/01\/ANLCI-156x100.png 156w\" sizes=\"auto, (max-width: 280px) 100vw, 280px\" \/><\/a><\/td>\n<\/tr>\n<tr>\n<td style=\"text-align: center;\" width=\"342\"><strong><a href=\"https:\/\/parlera.fr\/wp\/wp-content\/uploads\/2012\/09\/Canevas-national-CRI_2017.pdf\" target=\"_blank\" rel=\"noopener\">Canevas national de l\u2019ANLCI<\/a><\/strong><br \/>\n<strong><span style=\"font-size: 16px;\">\u2193<\/span><\/strong><br \/>\n<strong><a href=\"https:\/\/parlera.fr\/wp\/wp-content\/uploads\/2024\/01\/PRESENTATION-des-CRI-AURA_2024-01.pdf\" target=\"_blank\" rel=\"attachment noopener wp-att-21584\">Pr\u00e9sentation des 8 CRI en r\u00e9gion<\/a><\/strong><br \/>\n<strong><span style=\"font-size: 16px;\">\u2193<\/span><\/strong><br \/>\n<strong><a href=\"https:\/\/parlera.fr\/wp\/wp-content\/uploads\/2024\/01\/Missions-et-Coordonn\u00e9es-CRI-AURA_2024-01.pdf\" target=\"_blank\" rel=\"attachment noopener wp-att-21583\">Zoom sur les missions des CRI en r\u00e9gion<\/a><\/strong><\/td>\n<td style=\"text-align: center;\" width=\"342\"><strong><br \/>\n<a href=\"https:\/\/parlera.fr\/wp\/wp-content\/uploads\/2024\/01\/Coordonn\u00e9es-des-CRI-AURA_2024-01.pdf\" target=\"_blank\" rel=\"attachment noopener wp-att-21582\">Coordonn\u00e9es des CRI<br \/>\nAuvergne-Rh\u00f4ne-Alpes<\/a><\/strong><br \/>\n<em>Document mis \u00e0 jour<br \/>\nen janvier 2024<\/em><\/td>\n<td style=\"text-align: center;\" width=\"342\"><strong><a href=\"http:\/\/www.anlci.gouv.fr\/\" target=\"_blank\" rel=\"noopener noreferrer\">Site de l&#8217;ANLCI<\/a><\/strong><\/p>\n<p><strong><a href=\"http:\/\/www.anlci.gouv.fr\/\" target=\"_blank\" rel=\"noopener noreferrer\">Agence Nationale de Lutte Contre l&#8217;Illettrisme<\/a><\/strong><\/td>\n<\/tr>\n<\/tbody>\n<\/table>\n<p>&nbsp;<\/p>\n","protected":false},"excerpt":{"rendered":"<p>ACTU JANVIER 2024 Les CRI sont garants de 3 missions principales d\u2019int\u00e9r\u00eat g\u00e9n\u00e9ral inscrites dans le canevas national de l\u2019Agence Nationale de Lutte Contre l&#8217;Illettrisme (ANLCI) : &#x2666;\u00a0Veille \/\u00a0Information et &hellip;<\/p>\n","protected":false},"author":11,"featured_media":0,"parent":990,"menu_order":1,"comment_status":"closed","ping_status":"closed","template":"","meta":{"_mi_skip_tracking":false,"footnotes":""},"class_list":["post-11","page","type-page","status-publish","hentry"],"jetpack_shortlink":"https:\/\/wp.me\/P5C1Zr-b","jetpack_sharing_enabled":true,"_links":{"self":[{"href":"https:\/\/parlera.fr\/wp\/wp-json\/wp\/v2\/pages\/11","targetHints":{"allow":["GET"]}}],"collection":[{"href":"https:\/\/parlera.fr\/wp\/wp-json\/wp\/v2\/pages"}],"about":[{"href":"https:\/\/parlera.fr\/wp\/wp-json\/wp\/v2\/types\/page"}],"author":[{"embeddable":true,"href":"https:\/\/parlera.fr\/wp\/wp-json\/wp\/v2\/users\/11"}],"replies":[{"embeddable":true,"href":"https:\/\/parlera.fr\/wp\/wp-json\/wp\/v2\/comments?post=11"}],"version-history":[{"count":10,"href":"https:\/\/parlera.fr\/wp\/wp-json\/wp\/v2\/pages\/11\/revisions"}],"predecessor-version":[{"id":21588,"href":"https:\/\/parlera.fr\/wp\/wp-json\/wp\/v2\/pages\/11\/revisions\/21588"}],"up":[{"embeddable":true,"href":"https:\/\/parlera.fr\/wp\/wp-json\/wp\/v2\/pages\/990"}],"wp:attachment":[{"href":"https:\/\/parlera.fr\/wp\/wp-json\/wp\/v2\/media?parent=11"}],"curies":[{"name":"wp","href":"https:\/\/api.w.org\/{rel}","templated":true}]}}