{"id":13593,"date":"2026-04-07T12:23:59","date_gmt":"2026-04-07T11:23:59","guid":{"rendered":"https:\/\/parlera.fr\/wp\/?page_id=13593"},"modified":"2026-04-08T08:58:44","modified_gmt":"2026-04-08T07:58:44","slug":"examens-delf","status":"publish","type":"page","link":"https:\/\/parlera.fr\/wp\/les-centres-ressources\/cri-69\/projets\/coordination-linguistique-villefranche\/examens-delf\/","title":{"rendered":"[Villefranche] &#8211; Session d&#8217;examens DELF : Dipl\u00f4mes d&#8217;Etudes en Langue Fran\u00e7aise"},"content":{"rendered":"<p>Dans le cadre de la coordination linguistique et avec la participation active des associations locales portant des ateliers de fran\u00e7ais, pour la 8\u00e8me ann\u00e9e cons\u00e9cutive, une d\u00e9localisation de session DELF (Dipl\u00f4mes d&#8217;Etudes en Langue Fran\u00e7aise) a eu lieu <strong>entre le 17 et le 19 juin 2025 \u00e0 Villefranche.<\/strong><\/p>\n<p style=\"text-align: center;\"><span style=\"font-size: 16px;\"><strong>En 2025, 122 candidats ont pass\u00e9 leur DELF (du A1 au B2).<br \/>\n105 ont r\u00e9ussi leur examen !<\/strong><\/span><\/p>\n<p>Ils se sont vu remettre leur dipl\u00f4me lors d&#8217;une c\u00e9r\u00e9monie de remise officielle des DELF en Sous-Pr\u00e9fecture de Villefranche sur Sa\u00f4ne, le 2 avril 2026. A cette occasion, 3 laur\u00e9ats ont pris la parole devant l&#8217;assembl\u00e9e pour partager leurs t\u00e9moignages et leurs parcours de vie qui les ont conduits \u00e0 passer cet examen linguistique. Un moment fort en \u00e9motions !<\/p>\n<p>Merci au r\u00e9seau des associations et \u00e0 la <strong>mobilisation des b\u00e9n\u00e9voles Inter-ASL<\/strong> sur les temps d&#8217;accueil et de surveillance des \u00e9preuves collectives.\u00a0Merci au centre d&#8217;examens <strong>REN Formation<\/strong> pour cette d\u00e9localisation.<\/p>\n<p style=\"text-align: center;\"><span style=\"background-color: #ffff00;\"><strong>Prochaine session : 7-8-9 juillet 2026 !<\/strong><\/span><\/p>\n<p><iframe class=\"wp-embedded-content\" sandbox=\"allow-scripts\" security=\"restricted\" title=\"DELF Villefranche sur Sa\u00f4ne\" frameborder='0' width='1200' height='900' src='https:\/\/view.genially.com\/63ac3aab560d050019190e7e#?secret=KLtbvOpK9k' data-secret='KLtbvOpK9k' scrolling='yes'><\/iframe><\/p>\n<p>&nbsp;<\/p>\n<hr \/>\n","protected":false},"excerpt":{"rendered":"<p>Dans le cadre de la coordination linguistique et avec la participation active des associations locales portant des ateliers de fran\u00e7ais, pour la 8\u00e8me ann\u00e9e cons\u00e9cutive, une d\u00e9localisation de session DELF &hellip;<\/p>\n","protected":false},"author":24,"featured_media":0,"parent":8660,"menu_order":3,"comment_status":"closed","ping_status":"closed","template":"","meta":{"_mi_skip_tracking":false,"footnotes":""},"class_list":["post-13593","page","type-page","status-publish","hentry"],"jetpack_shortlink":"https:\/\/wp.me\/P5C1Zr-3xf","jetpack_sharing_enabled":true,"_links":{"self":[{"href":"https:\/\/parlera.fr\/wp\/wp-json\/wp\/v2\/pages\/13593","targetHints":{"allow":["GET"]}}],"collection":[{"href":"https:\/\/parlera.fr\/wp\/wp-json\/wp\/v2\/pages"}],"about":[{"href":"https:\/\/parlera.fr\/wp\/wp-json\/wp\/v2\/types\/page"}],"author":[{"embeddable":true,"href":"https:\/\/parlera.fr\/wp\/wp-json\/wp\/v2\/users\/24"}],"replies":[{"embeddable":true,"href":"https:\/\/parlera.fr\/wp\/wp-json\/wp\/v2\/comments?post=13593"}],"version-history":[{"count":29,"href":"https:\/\/parlera.fr\/wp\/wp-json\/wp\/v2\/pages\/13593\/revisions"}],"predecessor-version":[{"id":23755,"href":"https:\/\/parlera.fr\/wp\/wp-json\/wp\/v2\/pages\/13593\/revisions\/23755"}],"up":[{"embeddable":true,"href":"https:\/\/parlera.fr\/wp\/wp-json\/wp\/v2\/pages\/8660"}],"wp:attachment":[{"href":"https:\/\/parlera.fr\/wp\/wp-json\/wp\/v2\/media?parent=13593"}],"curies":[{"name":"wp","href":"https:\/\/api.w.org\/{rel}","templated":true}]}}