{"id":14162,"date":"2026-01-19T10:10:03","date_gmt":"2026-01-19T09:10:03","guid":{"rendered":"https:\/\/parlera.fr\/wp\/?page_id=14162"},"modified":"2026-01-19T11:36:41","modified_gmt":"2026-01-19T10:36:41","slug":"illettrisme-formation","status":"publish","type":"page","link":"https:\/\/parlera.fr\/wp\/ressources\/publics-francophones\/illettrisme-formation\/","title":{"rendered":"> Illettrisme &#038; Formation"},"content":{"rendered":"<p><img loading=\"lazy\" decoding=\"async\" class=\"alignleft\" src=\"https:\/\/edito.regionsjob.com\/xjob\/wp-content\/uploads\/sites\/3\/2015\/07\/Formation_opt-1.jpg\" width=\"299\" height=\"224\" \/>Pour les publics en situation d&#8217;illettrisme, plusieurs solutions peuvent \u00eatre imagin\u00e9es :<\/p>\n<ul>\n<li>Parcours de formation visant la pr\u00e9paration \u00e0 <a href=\"https:\/\/parlera.fr\/wp\/wp-content\/uploads\/2023\/04\/FR-Parlera_23_CLEA_publics-situation-illettrisme.pdf\"><strong>Cl\u00e9A<\/strong><\/a><\/li>\n<li>Parcours de remobilisation, d&#8217;adaptation de postes ou de formation sur-mesure pour les<a href=\"https:\/\/parlera.fr\/wp\/ressources\/entreprises\/\"><strong> personnes en emploi<\/strong><\/a><\/li>\n<li>Actions sp\u00e9cifiques port\u00e9es localement par certains organismes de formation ou associations de proximit\u00e9, comme des <strong>Ateliers Premi\u00e8re Marche<\/strong>.<\/li>\n<\/ul>\n<hr \/>\n<p>\u2192 Prenez contact avec <a href=\"https:\/\/parlera.fr\/wp\/les-centres-ressources\/\">votre CRI de proximit\u00e9<\/a> pour plus d\u2019informations<\/p>\n<p>\u2192 Ou utilisez le <a href=\"https:\/\/parlera.fr\/wp\/cartographie-linguistique\/\" target=\"_blank\" rel=\"noopener\">moteur de recherche de la cartographie\u00a0<\/a>en ciblant le profil &#8220;Illettrisme&#8221;.<\/p>\n","protected":false},"excerpt":{"rendered":"<p>Pour les publics en situation d&#8217;illettrisme, plusieurs solutions peuvent \u00eatre imagin\u00e9es : Parcours de formation visant la pr\u00e9paration \u00e0 Cl\u00e9A Parcours de remobilisation, d&#8217;adaptation de postes ou de formation sur-mesure &hellip;<\/p>\n","protected":false},"author":11,"featured_media":0,"parent":11922,"menu_order":0,"comment_status":"closed","ping_status":"closed","template":"","meta":{"_mi_skip_tracking":false,"footnotes":""},"class_list":["post-14162","page","type-page","status-publish","hentry"],"jetpack_shortlink":"https:\/\/wp.me\/P5C1Zr-3Gq","jetpack_sharing_enabled":true,"_links":{"self":[{"href":"https:\/\/parlera.fr\/wp\/wp-json\/wp\/v2\/pages\/14162","targetHints":{"allow":["GET"]}}],"collection":[{"href":"https:\/\/parlera.fr\/wp\/wp-json\/wp\/v2\/pages"}],"about":[{"href":"https:\/\/parlera.fr\/wp\/wp-json\/wp\/v2\/types\/page"}],"author":[{"embeddable":true,"href":"https:\/\/parlera.fr\/wp\/wp-json\/wp\/v2\/users\/11"}],"replies":[{"embeddable":true,"href":"https:\/\/parlera.fr\/wp\/wp-json\/wp\/v2\/comments?post=14162"}],"version-history":[{"count":9,"href":"https:\/\/parlera.fr\/wp\/wp-json\/wp\/v2\/pages\/14162\/revisions"}],"predecessor-version":[{"id":23473,"href":"https:\/\/parlera.fr\/wp\/wp-json\/wp\/v2\/pages\/14162\/revisions\/23473"}],"up":[{"embeddable":true,"href":"https:\/\/parlera.fr\/wp\/wp-json\/wp\/v2\/pages\/11922"}],"wp:attachment":[{"href":"https:\/\/parlera.fr\/wp\/wp-json\/wp\/v2\/media?parent=14162"}],"curies":[{"name":"wp","href":"https:\/\/api.w.org\/{rel}","templated":true}]}}