{"id":14565,"date":"2023-04-28T10:10:41","date_gmt":"2023-04-28T09:10:41","guid":{"rendered":"https:\/\/parlera.fr\/wp\/?page_id=14565"},"modified":"2023-04-28T16:03:44","modified_gmt":"2023-04-28T15:03:44","slug":"du-fle-francais-langue-etrangere-au-fli-francais-langue-dintegration","status":"publish","type":"page","link":"https:\/\/parlera.fr\/wp\/ressources\/publics-allophones\/du-fle-francais-langue-etrangere-au-fli-francais-langue-dintegration\/","title":{"rendered":"> Du FLE &#8211; Fran\u00e7ais Langue Etrang\u00e8re&#8230; au FLI &#8211; Fran\u00e7ais Langue d&#8217;Int\u00e9gration"},"content":{"rendered":"<p>&nbsp;<\/p>\n<p><span style=\"text-indent: 0em;\"><strong><a href=\"https:\/\/parlera.fr\/wp\/wp-content\/uploads\/2020\/02\/FR_2020_Synth\u00e8se-R\u00e9f\u00e9rentiel-FLI.pdf\" target=\"_blank\" rel=\"noopener\"><img loading=\"lazy\" decoding=\"async\" class=\"wp-image-10162 size-medium alignleft\" src=\"https:\/\/parlera.fr\/wp\/wp-content\/uploads\/2018\/03\/FLI-300x162.jpg\" alt=\"\" width=\"300\" height=\"162\" srcset=\"https:\/\/parlera.fr\/wp\/wp-content\/uploads\/2018\/03\/FLI-300x162.jpg 300w, https:\/\/parlera.fr\/wp\/wp-content\/uploads\/2018\/03\/FLI-150x81.jpg 150w, https:\/\/parlera.fr\/wp\/wp-content\/uploads\/2018\/03\/FLI-185x100.jpg 185w, https:\/\/parlera.fr\/wp\/wp-content\/uploads\/2018\/03\/FLI.jpg 305w\" sizes=\"auto, (max-width: 300px) 100vw, 300px\" \/><\/a><\/strong>Le choix du terme \u00ab int\u00e9gration \u00bb a un sens politique, au sens noble du terme : la ma\u00eetrise de la langue fran\u00e7aise, comme langue de partage et d\u2019\u00e9mancipation par l\u2019autonomie sociale et \u00e9conomique, s\u2019inscrit dans cet esprit.<\/span><\/p>\n<div class=\"page\" title=\"Page 1\">\n<div class=\"section\">\n<div class=\"layoutArea\">\n<div class=\"column\">\n<p>Nous proposons ici une Fiche Ressource [FR] qui synth\u00e9tise les id\u00e9es forces apport\u00e9s par le R\u00e9f\u00e9rentiel du Fran\u00e7ais Langue d\u2019Int\u00e9gration (FLI).<br \/>\n<span style=\"font-size: 16px;\"><strong>\u2013 [FR] <a href=\"https:\/\/parlera.fr\/wp\/wp-content\/uploads\/2023\/04\/FR-Parlera_23_ReferentielFLI.pdf\">Synth\u00e8se du R\u00e9f\u00e9rentiel FLI<\/a><\/strong><\/span><\/p>\n<p><em>Pour en savoir plus :<\/em><br \/>\n\u2013 T\u00e9l\u00e9charger le <a href=\"https:\/\/parlera.fr\/wp\/wp-content\/uploads\/2012\/09\/FLI-Le-R%C3%A9f%C3%A9rentiel.pdf\" target=\"_blank\" rel=\"noopener\">R\u00e9f\u00e9rentiel FLI<\/a><br \/>\n\u2013 T\u00e9l\u00e9charger le <a href=\"https:\/\/parlera.fr\/wp\/wp-content\/uploads\/2017\/05\/R\u00e9f\u00e9rentiel_Livret-FLI_A.Vicher.pdf\" target=\"_blank\" rel=\"noopener\">Livret FLI<\/a>, par l\u2019AEFTI et Ecrimed\u2019<\/p>\n<\/div>\n<\/div>\n<\/div>\n<\/div>\n<p><strong><a href=\"https:\/\/parlera.fr\/wp\/wp-content\/uploads\/2020\/02\/FR_2020_Synth\u00e8se-R\u00e9f\u00e9rentiel-FLI.pdf\" target=\"_blank\" rel=\"noopener\">\u00a0<\/a><\/strong><\/p>\n","protected":false},"excerpt":{"rendered":"<p>&nbsp; Le choix du terme \u00ab int\u00e9gration \u00bb a un sens politique, au sens noble du terme : la ma\u00eetrise de la langue fran\u00e7aise, comme langue de partage et d\u2019\u00e9mancipation &hellip;<\/p>\n","protected":false},"author":11,"featured_media":0,"parent":7217,"menu_order":4,"comment_status":"closed","ping_status":"closed","template":"","meta":{"_mi_skip_tracking":false,"footnotes":""},"class_list":["post-14565","page","type-page","status-publish","hentry"],"jetpack_shortlink":"https:\/\/wp.me\/P5C1Zr-3MV","jetpack_sharing_enabled":true,"_links":{"self":[{"href":"https:\/\/parlera.fr\/wp\/wp-json\/wp\/v2\/pages\/14565","targetHints":{"allow":["GET"]}}],"collection":[{"href":"https:\/\/parlera.fr\/wp\/wp-json\/wp\/v2\/pages"}],"about":[{"href":"https:\/\/parlera.fr\/wp\/wp-json\/wp\/v2\/types\/page"}],"author":[{"embeddable":true,"href":"https:\/\/parlera.fr\/wp\/wp-json\/wp\/v2\/users\/11"}],"replies":[{"embeddable":true,"href":"https:\/\/parlera.fr\/wp\/wp-json\/wp\/v2\/comments?post=14565"}],"version-history":[{"count":5,"href":"https:\/\/parlera.fr\/wp\/wp-json\/wp\/v2\/pages\/14565\/revisions"}],"predecessor-version":[{"id":20568,"href":"https:\/\/parlera.fr\/wp\/wp-json\/wp\/v2\/pages\/14565\/revisions\/20568"}],"up":[{"embeddable":true,"href":"https:\/\/parlera.fr\/wp\/wp-json\/wp\/v2\/pages\/7217"}],"wp:attachment":[{"href":"https:\/\/parlera.fr\/wp\/wp-json\/wp\/v2\/media?parent=14565"}],"curies":[{"name":"wp","href":"https:\/\/api.w.org\/{rel}","templated":true}]}}