{"id":14670,"date":"2020-06-25T10:15:22","date_gmt":"2020-06-25T09:15:22","guid":{"rendered":"https:\/\/parlera.fr\/wp\/?page_id=14670"},"modified":"2020-06-25T10:15:22","modified_gmt":"2020-06-25T09:15:22","slug":"enquetes-livre-blanc-infographie-autour-de-lillectronisme-par-le-csa-le-syndicat-de-la-presse-sociale","status":"publish","type":"page","link":"https:\/\/parlera.fr\/wp\/ressources\/publics-francophones\/illectronisme\/enquetes-livre-blanc-infographie-autour-de-lillectronisme-par-le-csa-le-syndicat-de-la-presse-sociale\/","title":{"rendered":"Enqu\u00eates \/ Livre Blanc \/ Infographie autour de l&#8217;illectronisme &#8211; par le CSA et le Syndicat de la Presse Sociale"},"content":{"rendered":"<ul>\n<li><a href=\"https:\/\/www.csa.eu\/fr\/survey\/l-illectronisme-en-france\" target=\"_blank\" rel=\"noopener\"><img loading=\"lazy\" decoding=\"async\" class=\"alignright wp-image-14673 size-medium\" src=\"https:\/\/parlera.fr\/wp\/wp-content\/uploads\/2020\/06\/Capture-d\u2019\u00e9cran-2020-06-25-\u00e0-10.42.09-300x167.png\" alt=\"\" width=\"300\" height=\"167\" srcset=\"https:\/\/parlera.fr\/wp\/wp-content\/uploads\/2020\/06\/Capture-d\u2019\u00e9cran-2020-06-25-\u00e0-10.42.09-300x167.png 300w, https:\/\/parlera.fr\/wp\/wp-content\/uploads\/2020\/06\/Capture-d\u2019\u00e9cran-2020-06-25-\u00e0-10.42.09-150x84.png 150w, https:\/\/parlera.fr\/wp\/wp-content\/uploads\/2020\/06\/Capture-d\u2019\u00e9cran-2020-06-25-\u00e0-10.42.09-768x428.png 768w, https:\/\/parlera.fr\/wp\/wp-content\/uploads\/2020\/06\/Capture-d\u2019\u00e9cran-2020-06-25-\u00e0-10.42.09-1024x571.png 1024w, https:\/\/parlera.fr\/wp\/wp-content\/uploads\/2020\/06\/Capture-d\u2019\u00e9cran-2020-06-25-\u00e0-10.42.09-179x100.png 179w, https:\/\/parlera.fr\/wp\/wp-content\/uploads\/2020\/06\/Capture-d\u2019\u00e9cran-2020-06-25-\u00e0-10.42.09-1200x669.png 1200w, https:\/\/parlera.fr\/wp\/wp-content\/uploads\/2020\/06\/Capture-d\u2019\u00e9cran-2020-06-25-\u00e0-10.42.09.png 1421w\" sizes=\"auto, (max-width: 300px) 100vw, 300px\" \/><\/a><a href=\"https:\/\/www.csa.eu\/fr\/survey\/l-illectronisme-en-france\" target=\"_blank\" rel=\"noopener\"><strong>Mars 2018 &#8211; Enqu\u00eate sur &#8220;l&#8217;illectronisme&#8221; en France<\/strong><\/a><\/li>\n<\/ul>\n<p><a href=\"https:\/\/www.csa.eu\/fr\/survey\/l-illectronisme-en-france\" target=\"_blank\" rel=\"noopener\"><img class=\"alignright\" \/><\/a><\/p>\n<p class=\"lead\">Bien que le num\u00e9rique repr\u00e9sente un formidable progr\u00e8s, il peut aussi \u00eatre discriminatoire, notamment pour les personnes qui ne savent pas utiliser Internet. Tout comme l\u2019illettrisme emp\u00eache de s\u2019exprimer \u00e0 l\u2019\u00e9crit, l\u2019illectronisme exclut des modes de communication modernes. C\u2019est la raison pour laquelle le SPS a d\u00e9cid\u00e9 d\u2019alerter l\u2019ensemble des autorit\u00e9s publiques \u00e0 cette nouvelle exclusion.<\/p>\n<div class=\" col-md-10 mx-auto \">\n<p>Le SPS a command\u00e9 une enqu\u00eate \u00e0 l\u2019Institut CSA, afin d\u2019avoir des chiffres concrets pour sensibiliser les pouvoirs publics et les acteurs de la formation professionnelle \u00e0 ce nouveau probl\u00e8me. Des solutions sont \u00e0 d\u00e9velopper pour que chacun puisse ma\u00eetriser les bases du savoir num\u00e9rique, comme une formation sp\u00e9cifique pour les plus jeunes dans le cadre de l\u2019Education nationale ou encore des programmes de formation adapt\u00e9s aux salari\u00e9s en difficult\u00e9 en entreprise. Il faudrait aussi que les producteurs et concepteurs du monde digital prennent conscience des obstacles que rencontrent les \u00ab\u00a0illectronistes\u00a0\u00bb et qu\u2019ils mettent en \u0153uvre des usages plus facilement accessibles au grand public.<\/p>\n<p>&nbsp;<\/p>\n<\/div>\n<ul>\n<li><a href=\"https:\/\/www.csa.eu\/media\/1877\/livre-blanc_sps_2019.pdf\" target=\"_blank\" rel=\"noopener\"><strong>Juin 2019 &#8211; Livre blanc &#8220;Contre l&#8217;illectronisme&#8221;<\/strong><\/a><a href=\"https:\/\/www.csa.eu\/media\/1877\/livre-blanc_sps_2019.pdf\" target=\"_blank\" rel=\"noopener\"><img loading=\"lazy\" decoding=\"async\" class=\"alignright wp-image-14672 size-medium\" src=\"https:\/\/parlera.fr\/wp\/wp-content\/uploads\/2020\/06\/Capture-d\u2019\u00e9cran-2020-06-25-\u00e0-10.43.54-284x300.png\" alt=\"\" width=\"284\" height=\"300\" srcset=\"https:\/\/parlera.fr\/wp\/wp-content\/uploads\/2020\/06\/Capture-d\u2019\u00e9cran-2020-06-25-\u00e0-10.43.54-284x300.png 284w, https:\/\/parlera.fr\/wp\/wp-content\/uploads\/2020\/06\/Capture-d\u2019\u00e9cran-2020-06-25-\u00e0-10.43.54-142x150.png 142w, https:\/\/parlera.fr\/wp\/wp-content\/uploads\/2020\/06\/Capture-d\u2019\u00e9cran-2020-06-25-\u00e0-10.43.54-95x100.png 95w, https:\/\/parlera.fr\/wp\/wp-content\/uploads\/2020\/06\/Capture-d\u2019\u00e9cran-2020-06-25-\u00e0-10.43.54.png 686w\" sizes=\"auto, (max-width: 284px) 100vw, 284px\" \/><\/a><\/li>\n<\/ul>\n<p><a href=\"https:\/\/www.csa.eu\/media\/1877\/livre-blanc_sps_2019.pdf\" target=\"_blank\" rel=\"noopener\"><img class=\"alignright\" \/><\/a>Ce &#8220;Livre blanc&#8221; vise \u00e0 faire avancer la r\u00e9flexion collective sur la recherche de compr\u00e9hension des origines de ce probl\u00e8me, sur les enjeux personnels et soci\u00e9taux, mais aussi sur les pistes possibles de pr\u00e9vention et d\u2019accompagnement et des personnes fragilis\u00e9es. Rappeler les exp\u00e9riences qui avancent et qui r\u00e9ussissent, celles qui sont \u00e0 faire conna\u00eetre et \u00e0 promouvoir, et mette en lumi\u00e8re des pr\u00e9conisations qui pourraient contribuer \u00e0 diminuer significativement les difficult\u00e9s des utilisateurs du num\u00e9rique, telle est l\u2019ambition de ce Livre blanc.<\/p>\n<p>&nbsp;<\/p>\n<p>&nbsp;<\/p>\n<ul>\n<li><a href=\"https:\/\/sps.fr\/illectronisme\/etudes-et-infographies\/\" target=\"_blank\" rel=\"noopener\"><strong>Infographie illectronisme \/ Par le SPS &#8211; Syndicat de la Presse Sociale\u00a0<\/strong><\/a><\/li>\n<\/ul>\n<p><img loading=\"lazy\" decoding=\"async\" class=\"wp-image-574 size-large\" src=\"https:\/\/sps.fr\/wp-content\/uploads\/2018\/06\/Infographie-738x1024.jpg\" sizes=\"auto, (max-width: 738px) 100vw, 738px\" srcset=\"https:\/\/sps.fr\/wp-content\/uploads\/2018\/06\/Infographie-738x1024.jpg 738w, https:\/\/sps.fr\/wp-content\/uploads\/2018\/06\/Infographie-216x300.jpg 216w, https:\/\/sps.fr\/wp-content\/uploads\/2018\/06\/Infographie-768x1066.jpg 768w\" alt=\"\" width=\"738\" height=\"1024\" aria-describedby=\"caption-attachment-574\" \/><\/p>\n","protected":false},"excerpt":{"rendered":"<p>Mars 2018 &#8211; Enqu\u00eate sur &#8220;l&#8217;illectronisme&#8221; en France Bien que le num\u00e9rique repr\u00e9sente un formidable progr\u00e8s, il peut aussi \u00eatre discriminatoire, notamment pour les personnes qui ne savent pas utiliser &hellip;<\/p>\n","protected":false},"author":11,"featured_media":0,"parent":14141,"menu_order":0,"comment_status":"closed","ping_status":"closed","template":"","meta":{"_mi_skip_tracking":false,"footnotes":""},"class_list":["post-14670","page","type-page","status-publish","hentry"],"jetpack_shortlink":"https:\/\/wp.me\/P5C1Zr-3OC","jetpack_sharing_enabled":true,"_links":{"self":[{"href":"https:\/\/parlera.fr\/wp\/wp-json\/wp\/v2\/pages\/14670","targetHints":{"allow":["GET"]}}],"collection":[{"href":"https:\/\/parlera.fr\/wp\/wp-json\/wp\/v2\/pages"}],"about":[{"href":"https:\/\/parlera.fr\/wp\/wp-json\/wp\/v2\/types\/page"}],"author":[{"embeddable":true,"href":"https:\/\/parlera.fr\/wp\/wp-json\/wp\/v2\/users\/11"}],"replies":[{"embeddable":true,"href":"https:\/\/parlera.fr\/wp\/wp-json\/wp\/v2\/comments?post=14670"}],"version-history":[{"count":1,"href":"https:\/\/parlera.fr\/wp\/wp-json\/wp\/v2\/pages\/14670\/revisions"}],"predecessor-version":[{"id":14676,"href":"https:\/\/parlera.fr\/wp\/wp-json\/wp\/v2\/pages\/14670\/revisions\/14676"}],"up":[{"embeddable":true,"href":"https:\/\/parlera.fr\/wp\/wp-json\/wp\/v2\/pages\/14141"}],"wp:attachment":[{"href":"https:\/\/parlera.fr\/wp\/wp-json\/wp\/v2\/media?parent=14670"}],"curies":[{"name":"wp","href":"https:\/\/api.w.org\/{rel}","templated":true}]}}