{"id":14951,"date":"2020-08-03T10:44:59","date_gmt":"2020-08-03T09:44:59","guid":{"rendered":"https:\/\/parlera.fr\/wp\/?page_id=14951"},"modified":"2026-02-27T09:22:46","modified_gmt":"2026-02-27T08:22:46","slug":"animations-pedagogiques-centre-ressources-illettrisme-07-26","status":"publish","type":"page","link":"https:\/\/parlera.fr\/wp\/les-centres-ressources\/cri07-26\/animations-pedagogiques-centre-ressources-illettrisme-07-26\/","title":{"rendered":"Animations p\u00e9dagogiques &#8211; Centre Ressources Illettrisme 07-26"},"content":{"rendered":"<p><img loading=\"lazy\" decoding=\"async\" class=\"wp-image-19301 alignleft\" src=\"https:\/\/parlera.fr\/wp\/wp-content\/uploads\/2022\/07\/1-1-150x150.png\" alt=\"\" width=\"185\" height=\"185\" srcset=\"https:\/\/parlera.fr\/wp\/wp-content\/uploads\/2022\/07\/1-1-150x150.png 150w, https:\/\/parlera.fr\/wp\/wp-content\/uploads\/2022\/07\/1-1-300x300.png 300w, https:\/\/parlera.fr\/wp\/wp-content\/uploads\/2022\/07\/1-1-100x100.png 100w, https:\/\/parlera.fr\/wp\/wp-content\/uploads\/2022\/07\/1-1-50x50.png 50w, https:\/\/parlera.fr\/wp\/wp-content\/uploads\/2022\/07\/1-1.png 500w\" sizes=\"auto, (max-width: 185px) 100vw, 185px\" \/><\/p>\n<p>&nbsp;<\/p>\n<p>&nbsp;<\/p>\n<p>&nbsp;<\/p>\n<p>&nbsp;<\/p>\n<p>Le nouveau programme de formations du Centre Ressources Illettrisme 07-26 pour le premier semestre 2026 est disponible !<\/p>\n<p><span style=\"font-size: 15px;\"><img loading=\"lazy\" decoding=\"async\" class=\"wp-image-23528 alignleft\" src=\"https:\/\/parlera.fr\/wp\/wp-content\/uploads\/2026\/02\/2-212x300.jpg\" alt=\"\" width=\"700\" height=\"991\" srcset=\"https:\/\/parlera.fr\/wp\/wp-content\/uploads\/2026\/02\/2-212x300.jpg 212w, https:\/\/parlera.fr\/wp\/wp-content\/uploads\/2026\/02\/2-106x150.jpg 106w, https:\/\/parlera.fr\/wp\/wp-content\/uploads\/2026\/02\/2-768x1086.jpg 768w, https:\/\/parlera.fr\/wp\/wp-content\/uploads\/2026\/02\/2-724x1024.jpg 724w, https:\/\/parlera.fr\/wp\/wp-content\/uploads\/2026\/02\/2-71x100.jpg 71w, https:\/\/parlera.fr\/wp\/wp-content\/uploads\/2026\/02\/2.jpg 1414w\" sizes=\"auto, (max-width: 700px) 100vw, 700px\" \/> <\/span><\/p>\n<p>&nbsp;<\/p>\n<p><img loading=\"lazy\" decoding=\"async\" class=\"wp-image-23529 alignleft\" src=\"https:\/\/parlera.fr\/wp\/wp-content\/uploads\/2026\/02\/3-212x300.jpg\" alt=\"\" width=\"700\" height=\"991\" srcset=\"https:\/\/parlera.fr\/wp\/wp-content\/uploads\/2026\/02\/3-212x300.jpg 212w, https:\/\/parlera.fr\/wp\/wp-content\/uploads\/2026\/02\/3-106x150.jpg 106w, https:\/\/parlera.fr\/wp\/wp-content\/uploads\/2026\/02\/3-768x1086.jpg 768w, https:\/\/parlera.fr\/wp\/wp-content\/uploads\/2026\/02\/3-724x1024.jpg 724w, https:\/\/parlera.fr\/wp\/wp-content\/uploads\/2026\/02\/3-71x100.jpg 71w, https:\/\/parlera.fr\/wp\/wp-content\/uploads\/2026\/02\/3.jpg 1414w\" sizes=\"auto, (max-width: 700px) 100vw, 700px\" \/><\/p>\n<p>&nbsp;<\/p>\n<p>&nbsp;<\/p>\n<p>&nbsp;<\/p>\n<p>&nbsp;<\/p>\n<p>&nbsp;<\/p>\n<p>&nbsp;<\/p>\n<p>&nbsp;<\/p>\n<p>&nbsp;<\/p>\n<p>&nbsp;<\/p>\n<p>&nbsp;<\/p>\n<p>&nbsp;<\/p>\n<p>&nbsp;<\/p>\n<p>&nbsp;<\/p>\n<p>&nbsp;<\/p>\n<p>&nbsp;<\/p>\n<p>&nbsp;<\/p>\n<p>&nbsp;<\/p>\n<p>&nbsp;<\/p>\n<p>&nbsp;<\/p>\n<p>&nbsp;<\/p>\n<p>&nbsp;<\/p>\n<p>&nbsp;<\/p>\n<p>&nbsp;<\/p>\n<p>&nbsp;<\/p>\n<p>&nbsp;<\/p>\n<p>&nbsp;<\/p>\n<p>&nbsp;<\/p>\n<p>&nbsp;<\/p>\n<p>&nbsp;<\/p>\n<p>&nbsp;<\/p>\n<p>&nbsp;<\/p>\n<p>&nbsp;<\/p>\n<p>&nbsp;<\/p>\n<p><strong>Informations compl\u00e9mentaires et inscriptions<\/strong> : conseil-cri@laplateforme-emploi.fr<\/p>\n<p><strong>Retrouvez le programme en pdf<\/strong> :\u00a0<a href=\"https:\/\/parlera.fr\/wp\/wp-content\/uploads\/2026\/02\/Programme-de-formations-F\u00e9vrier-Juillet-2026.pdf\">Programme de formations F\u00e9vrier-Juillet 2026<\/a><\/p>\n<p>&nbsp;<\/p>\n<ul>\n<li><span style=\"color: #339966;\">Webinaire Doc en Stock et Echange de pratiques : Nouvelles modalit\u00e9s d&#8217;examens et certifications\u00a0<\/span><\/li>\n<\/ul>\n<p>-&gt; <strong>Vendredi 13 f\u00e9vrier<\/strong> 2026, 9h30-12h \u00e0 <strong>VALENCE<\/strong>.<\/p>\n<p><span style=\"color: #339966;\"><span style=\"color: #000000;\">-&gt; Plus d&#8217;infos :\u00a0<a href=\"https:\/\/parlera.fr\/wp\/wp-content\/uploads\/2026\/02\/Webinaire-Doc-en-Stock-et-Echange-de-pratiques-Les-certifications.pdf.pdf\">Webinaire Doc en Stock et Echange de pratiques &#8211; Les certifications.pdf<\/a><\/span><\/span><\/p>\n<p>&nbsp;<\/p>\n<ul>\n<li><span style=\"color: #339966;\">Accompagner dans l&#8217;apprentissage du fran\u00e7ais des personnes en situation d&#8217;exil <\/span><\/li>\n<\/ul>\n<p><span style=\"color: #339966;\"><span style=\"color: #000000;\">-&gt; <strong>Vendredi 13 mars<\/strong> 2026, 9H30-16h30 \u00e0 <strong>VALENCE<\/strong>. <\/span><\/span><\/p>\n<p><span style=\"color: #339966;\"><span style=\"color: #000000;\">-&gt; Plus d&#8217;infos :\u00a0<a href=\"https:\/\/parlera.fr\/wp\/wp-content\/uploads\/2026\/02\/Accompagner-dans-lapprentissage-de-la-langue-des-personnes-en-situation-dexil.pdf\">Accompagner dans l&#8217;apprentissage de la langue des personnes en situation d&#8217;exil<\/a><\/span><\/span><\/p>\n<p>&nbsp;<\/p>\n<ul>\n<li><span style=\"color: #339966;\">Rep\u00e9rer et accompagner les personnes en situation d&#8217;illettrisme <\/span><\/li>\n<\/ul>\n<p><span style=\"color: #339966;\"><span style=\"color: #000000;\">-&gt; <strong>Lundi 20 avril<\/strong> 2026, 13h30-16h30, \u00e0 <strong>VALENCE<\/strong>. <\/span><\/span><\/p>\n<p><span style=\"color: #339966;\"><span style=\"color: #000000;\">-&gt; Plus d&#8217;infos :\u00a0<a href=\"https:\/\/parlera.fr\/wp\/wp-content\/uploads\/2026\/02\/Rep\u00e9rer-et-accompagner-les-personnes-en-situation-dillettrisme.pdf\">Rep\u00e9rer et accompagner les personnes en situation d&#8217;illettrisme<\/a><\/span><\/span><\/p>\n<p>&nbsp;<\/p>\n<ul>\n<li><span style=\"color: #339966;\"><span style=\"color: #000000;\"><span style=\"color: #339966;\">D\u00e9velopper ses comp\u00e9tences orales en fran\u00e7ais gr\u00e2ce aux activit\u00e9s de jeux de r\u00f4le :<\/span><\/span><\/span><\/li>\n<\/ul>\n<p><span style=\"color: #339966;\"><span style=\"color: #000000;\">-&gt; <strong>Jeudi 21 mai<\/strong>, 13h30-16h30, \u00e0 <strong>TOURNON-SUR-RH\u00d4NE<\/strong>. <\/span><\/span><\/p>\n<p><span style=\"color: #339966;\"><span style=\"color: #000000;\">-&gt; Plus d&#8217;infos :\u00a0<a href=\"https:\/\/parlera.fr\/wp\/wp-content\/uploads\/2026\/02\/Tournon-D\u00e9velopper-ses-comp\u00e9tences-orales-en-fran\u00e7ais-gr\u00e2ce-aux-activit\u00e9s-de-jeux-de-r\u00f4le.pdf\">Tournon &#8211; D\u00e9velopper ses comp\u00e9tences orales en fran\u00e7ais gr\u00e2ce aux activit\u00e9s de jeux de r\u00f4le<\/a><\/span><\/span><\/p>\n<p><span style=\"color: #000000;\">-&gt; <strong>Mardi 26 mai<\/strong>, 9h30-12h30, \u00e0 <strong>PIERRELATTE<\/strong>. <\/span><\/p>\n<p><span style=\"color: #000000;\">-&gt; Plus d&#8217;infos : <a href=\"https:\/\/parlera.fr\/wp\/wp-content\/uploads\/2026\/02\/Pierrelatte-D\u00e9velopper-ses-comp\u00e9tences-orales-en-fran\u00e7ais-gr\u00e2ce-aux-activit\u00e9s-de-jeux-de-r\u00f4le.pdf\">Pierrelatte &#8211; D\u00e9velopper ses comp\u00e9tences orales en fran\u00e7ais gr\u00e2ce aux activit\u00e9s de jeux de r\u00f4le<\/a><\/span><\/p>\n<p>&nbsp;<\/p>\n<ul>\n<li><span style=\"color: #000000;\"><span style=\"color: #339966;\">Webinaire et Echange de pratiques : l&#8217;IA\u00a0<\/span><\/span><\/li>\n<\/ul>\n<p><span style=\"color: #000000;\"><span style=\"color: #339966;\"><span style=\"color: #000000;\">-&gt; <strong>Vendredi 12 juin<\/strong>, 9h30-12h \u00e0 <strong>VALENCE<\/strong>. <\/span><\/span><\/span><\/p>\n<p><span style=\"color: #000000;\"><span style=\"color: #339966;\"><span style=\"color: #000000;\">-&gt; Plus d&#8217;infos :\u00a0<a href=\"https:\/\/parlera.fr\/wp\/wp-content\/uploads\/2026\/02\/Webinaire-Doc-en-Stock-et-Echange-de-pratiques-IA.pdf\">Webinaire Doc en Stock et Echange de pratiques &#8211; IA<\/a><\/span><\/span><\/span><\/p>\n<p>&nbsp;<\/p>\n<ul>\n<li><span style=\"color: #339966;\">Aborder le th\u00e8me de la sant\u00e9 : Quelles ressources pour un public en difficult\u00e9 avec l&#8217;\u00e9crit ?\u00a0<\/span><em>Organis\u00e9 et coanim\u00e9 avec Promotion Sant\u00e9\u00a0<\/em><\/li>\n<\/ul>\n<p><span style=\"color: #000000;\">-&gt; <strong>Lundi 15 juin<\/strong>, 9h30-16h, <strong>LE TEIL<\/strong><\/span><\/p>\n<p>-&gt; Plus d&#8217;infos et Inscriptions en ligne :<span style=\"color: #ff0000;\">\u00a0https:\/\/www.promotion-sante-ara.org\/docouverte-aborder-la-sante-avec-un-public-ayant-des-difficultes-avec-le-francais-2\/<\/span><\/p>\n<p>&nbsp;<\/p>\n<ul>\n<li><span style=\"color: #339966;\">Rendre l&#8217;information accessible \u00e0 tous : Initiation au FALC (Facile \u00e0 Lire et \u00e0 Comprendre)\u00a0<\/span><\/li>\n<\/ul>\n<p><span style=\"color: #339966;\"><span style=\"color: #000000;\">-&gt; <strong>Lundi 6 juillet<\/strong>, 9h30-16h, \u00e0 <strong>VALENCE<\/strong>. <\/span><\/span><\/p>\n<p><span style=\"color: #339966;\"><span style=\"color: #000000;\">-&gt; Plus d&#8217;infos :\u00a0<a href=\"https:\/\/parlera.fr\/wp\/wp-content\/uploads\/2026\/02\/Rendre-linformation-accessible-\u00e0-tous-Initiation-au-FALC.pdf\">Rendre l&#8217;information accessible \u00e0 tous &#8211; Initiation au FALC<\/a><\/span><\/span><\/p>\n<p>&nbsp;<\/p>\n<p><span style=\"text-indent: 0em;\">&gt;\u00a0<\/span><a style=\"text-indent: 0em;\" title=\"ECRIT69\" href=\"https:\/\/parlera.fr\/wp\/les-centres-ressources\/cri07-26\/\" target=\"_blank\" rel=\"noopener\">RETOUR A LA PAGE CENTRE RESSOURCES ILLETTRISME <span style=\"font-family: arial, helvetica, sans-serif;\">07-26<\/span><\/a><\/p>\n<div>\n<p><img loading=\"lazy\" decoding=\"async\" class=\"alignnone wp-image-22734 size-medium\" src=\"https:\/\/parlera.fr\/wp\/wp-content\/uploads\/2024\/10\/logo-financeurs-CRI-2024-300x56.png\" alt=\"\" width=\"300\" height=\"56\" \/><\/p>\n<p>&nbsp;<\/p>\n<\/div>\n","protected":false},"excerpt":{"rendered":"<p>&nbsp; &nbsp; &nbsp; &nbsp; Le nouveau programme de formations du Centre Ressources Illettrisme 07-26 pour le premier semestre 2026 est disponible ! &nbsp; &nbsp; &nbsp; &nbsp; &nbsp; &nbsp; &nbsp; &nbsp; &hellip;<\/p>\n","protected":false},"author":14,"featured_media":0,"parent":19,"menu_order":2,"comment_status":"closed","ping_status":"closed","template":"","meta":{"_mi_skip_tracking":false,"footnotes":""},"class_list":["post-14951","page","type-page","status-publish","hentry"],"jetpack_shortlink":"https:\/\/wp.me\/P5C1Zr-3T9","jetpack_sharing_enabled":true,"_links":{"self":[{"href":"https:\/\/parlera.fr\/wp\/wp-json\/wp\/v2\/pages\/14951","targetHints":{"allow":["GET"]}}],"collection":[{"href":"https:\/\/parlera.fr\/wp\/wp-json\/wp\/v2\/pages"}],"about":[{"href":"https:\/\/parlera.fr\/wp\/wp-json\/wp\/v2\/types\/page"}],"author":[{"embeddable":true,"href":"https:\/\/parlera.fr\/wp\/wp-json\/wp\/v2\/users\/14"}],"replies":[{"embeddable":true,"href":"https:\/\/parlera.fr\/wp\/wp-json\/wp\/v2\/comments?post=14951"}],"version-history":[{"count":174,"href":"https:\/\/parlera.fr\/wp\/wp-json\/wp\/v2\/pages\/14951\/revisions"}],"predecessor-version":[{"id":23593,"href":"https:\/\/parlera.fr\/wp\/wp-json\/wp\/v2\/pages\/14951\/revisions\/23593"}],"up":[{"embeddable":true,"href":"https:\/\/parlera.fr\/wp\/wp-json\/wp\/v2\/pages\/19"}],"wp:attachment":[{"href":"https:\/\/parlera.fr\/wp\/wp-json\/wp\/v2\/media?parent=14951"}],"curies":[{"name":"wp","href":"https:\/\/api.w.org\/{rel}","templated":true}]}}