{"id":15872,"date":"2023-01-01T14:34:43","date_gmt":"2023-01-01T13:34:43","guid":{"rendered":"https:\/\/parlera.fr\/wp\/?page_id=15872"},"modified":"2025-08-01T09:49:11","modified_gmt":"2025-08-01T08:49:11","slug":"actualites-informations-en-haute-savoie","status":"publish","type":"page","link":"https:\/\/parlera.fr\/wp\/les-centres-ressources\/cria-74\/actualites-informations-en-haute-savoie\/","title":{"rendered":"Actualit\u00e9s et informations en Haute-Savoie"},"content":{"rendered":"<p><span class=\"s6\"><strong>R\u00e9pertoire &#8220;OF &amp; Salari\u00e9s&#8221; en Haute-Savoie<\/strong><br \/>\n<a href=\"https:\/\/parlera.fr\/wp\/wp-content\/uploads\/2023\/01\/REPERTOIRE_OF-salaries_74_Janv2023.pdf\" target=\"_blank\" rel=\"noopener\"><img loading=\"lazy\" decoding=\"async\" class=\" wp-image-20040 alignright\" src=\"https:\/\/parlera.fr\/wp\/wp-content\/uploads\/2023\/01\/74-Couverture-300x170.png\" alt=\"\" width=\"238\" height=\"135\" srcset=\"https:\/\/parlera.fr\/wp\/wp-content\/uploads\/2023\/01\/74-Couverture-300x170.png 300w, https:\/\/parlera.fr\/wp\/wp-content\/uploads\/2023\/01\/74-Couverture-150x85.png 150w, https:\/\/parlera.fr\/wp\/wp-content\/uploads\/2023\/01\/74-Couverture-768x436.png 768w, https:\/\/parlera.fr\/wp\/wp-content\/uploads\/2023\/01\/74-Couverture-1024x581.png 1024w, https:\/\/parlera.fr\/wp\/wp-content\/uploads\/2023\/01\/74-Couverture-176x100.png 176w, https:\/\/parlera.fr\/wp\/wp-content\/uploads\/2023\/01\/74-Couverture.png 1393w\" sizes=\"auto, (max-width: 238px) 100vw, 238px\" \/><\/a>Le <\/span><span class=\"s6\">livret<\/span><span class=\"s6\">\u00a0&#8220;OF &amp; Salari\u00e9s&#8221; est d\u00e9sormais disponible en Haute-Savoie !<br \/>\n<\/span><span class=\"s6\">Ce livret r\u00e9pertorie les organismes de formation de Haute-Savoie qui peuvent apporter des r\u00e9ponses aux besoins <\/span><span class=\"s6\">des entreprises et\/ou des salari\u00e9s \u00e0 la recherche de formation en fran\u00e7ais\/ dans les savoirs de base.<br \/>\n<\/span><span class=\"s6\">Ce <\/span><span class=\"s6\">r\u00e9pertoire<\/span><span class=\"s6\"> est non exhaustif et tient compte des r\u00e9ponses apport\u00e9es par chaque OF. Il sera mis \u00e0 jour r\u00e9guli\u00e8rement.<\/span><\/p>\n<div>\u2192 <a href=\"https:\/\/parlera.fr\/wp\/wp-content\/uploads\/2023\/01\/REPERTOIRE_OF-salaries_74_Janv2023.pdf\" target=\"_blank\" rel=\"noopener\">R\u00e9pertoire OF &amp; Salari\u00e9s &#8211; Haute-Savoie &#8211; Janvier 2023<\/a><\/div>\n<hr \/>\n<ul>\n<li><strong>Et si on parlait du CEJ?<\/strong><\/li>\n<\/ul>\n<p>Vous travaillez sur le dispositif CEJ en Auvergne-Rh\u00f4ne Alpes? Les Centres Ressources Illettrisme de votre r\u00e9gion souhaitent s&#8217;adresser \u00e0 vous!<\/p>\n<p>Parmi les jeunes que vous recevez sur ce dispositif, certains sont sans doute en difficult\u00e9 avec les savoirs de base.<\/p>\n<p>Cr\u00e9\u00e9e dans le cadre des Journ\u00e9es d&#8217;Actions contre l&#8217;Illettrisme (JNAI), Cette capsule vid\u00e9o a pour but d&#8217;illustrer nos points communs et de souligner les \u00e9ventuelles pistes de travail partenarial.<\/p>\n<div style=\"width: 942px;\" class=\"wp-video\"><video class=\"wp-video-shortcode\" id=\"video-15872-1\" width=\"942\" height=\"530\" preload=\"metadata\" controls=\"controls\"><source type=\"video\/mp4\" src=\"https:\/\/parlera.fr\/wp\/wp-content\/uploads\/2023\/01\/Et-si-on-parlait-du-CEJ-dans-le-cadre-des-JNAI.mp4?_=1\" \/><a href=\"https:\/\/parlera.fr\/wp\/wp-content\/uploads\/2023\/01\/Et-si-on-parlait-du-CEJ-dans-le-cadre-des-JNAI.mp4\">https:\/\/parlera.fr\/wp\/wp-content\/uploads\/2023\/01\/Et-si-on-parlait-du-CEJ-dans-le-cadre-des-JNAI.mp4<\/a><\/video><\/div>\n<p>&nbsp;<\/p>\n<p><span style=\"color: #000000; background-color: #ffcc99;\"><strong style=\"font-size: 14px; text-indent: 0em; background-color: #ffcc99;\">Public migrant dont les primo-arrivants Contrat d&#8217;Int\u00e9gration R\u00e9publicaine CIR:<\/strong><\/span><\/p>\n<ul>\n<li><strong>Le Profil des primo arrivants CIR\u00a0 en 2023 (1e semestre) dans le d\u00e9partement 74 :\u00a0<a href=\"https:\/\/parlera.fr\/wp\/wp-content\/uploads\/2024\/05\/stats-OFII2023.pdf\">Statistiques PA CIR 2023<\/a><\/strong><\/li>\n<li><strong>Communiqu\u00e9 de presse du\u00a0 Pr\u00e9fet de Haute-Savoie en mars 2022 &#8211;<\/strong> d\u00e9marches \u00e0 suivre pour l&#8217;accueil des d\u00e9plac\u00e9s d&#8217;Ukraine en Haute-Savoie &#8211; recherche de traducteurs :\u00a0<a href=\"https:\/\/parlera.fr\/wp\/wp-content\/uploads\/2022\/03\/CP-accueil-ukrainiens.pdf\">CP accueil ukrainiens<\/a><\/li>\n<li><span style=\"font-size: 13px;\"><strong>F\u00e9vrier 2022 &#8211; L&#8217;Office Fran\u00e7ais de l&#8217;Immigration et de l&#8217;Int\u00e9gration OFII<\/strong> propose plusieurs parcours de formation pour le public Primo Arrivants signataire du Contrat d&#8217;Int\u00e9gration R\u00e9publicaine <strong>CIR.<\/strong><br \/>\n<\/span><span style=\"font-size: 13px;\">\u2192 Fiche synth\u00e8se dispositif\u00a0 \u00a0\u00a0<a href=\"https:\/\/parlera.fr\/wp\/wp-content\/uploads\/2022\/02\/CIR-2022-2.pdf\">CIR 2023<\/a><\/span><\/li>\n<li><span style=\"font-size: 13px;\">\u2192\u00a0<a href=\"https:\/\/parlera.fr\/wp\/wp-content\/uploads\/2022\/02\/Pour-se-pr\u00e9inscrire-OFII-FLC_A2-B1-1.pdf\">Pour-se-pr\u00e9inscrire-OFII-FLC_A2-B1<\/a><br \/>\n<span style=\"text-indent: 0em;\">\u2192 Le dispositif 0FII 74 &#8211; IFRA, Frate formation encours de r\u00e9actualisation :\u00a0\u00a0<a href=\"https:\/\/parlera.fr\/wp\/wp-content\/uploads\/2022\/02\/Actions-A1-A2-B1-OFII-74-2022.pdf\">Actions A1 A2 B1 OFII 74 2022<\/a><\/span><\/span><\/li>\n<li><a href=\"https:\/\/www.immigration.interieur.gouv.fr\/content\/download\/131060\/1042292\/file\/Livret_du_citoyen_V2fev2022.pdf\"><strong>Le livret du citoyen<\/strong><\/a><strong>.<\/strong><\/li>\n<\/ul>\n<p><span style=\"background-color: #ffcc99; font-size: 14px;\"><strong>Illettrisme :<\/strong><\/span><\/p>\n<p>Avril 2024: L&#8217;INSEE vient de publier les r\u00e9sultats de son enqu\u00eate &#8220;Formation tout au long de la vie&#8221;. 4 % des personnes \u00e2g\u00e9es de 18 \u00e0 64 ans sont en situation d&#8217;illettrisme en France (contre 7% en 2011).\u00a0<a href=\"https:\/\/parlera.fr\/wp\/wp-content\/uploads\/2024\/05\/IP19932.pdf\">Voir les statistiques d\u00e9taill\u00e9es de l&#8217;INSEE<\/a><\/p>\n<p>Dans la r\u00e9gion Auvergne-Rh\u00f4ne Alpes, 7% des actifs de 18 \u00e0 65 ans \u2013 chiffres INSEE\/ANLCI 2011 sont en situation d\u2019illettrisme. En Haute-Savoie 6%. L<span style=\"text-indent: 0em;\">es actions &#8220;comp\u00e9tences transverses &#8211; illettrisme&#8221; PIC P\u00f4le-Emploi, r\u00e9pondent aux besoins de ces publics.\u00a0<\/span><strong><a style=\"text-indent: 0em;\">\u00a0<span style=\"color: #000000;\">D<\/span><\/a><span style=\"text-align: center; text-indent: 0em;\"><span style=\"color: #000000;\">e<\/span>s t<\/span><\/strong><strong style=\"text-align: center; text-indent: 0em;\">\u00e9moignages d\u2019apprenants et\u00a0<\/strong><span style=\"text-align: center; text-indent: 0em;\">des messages \u00e0 faire passer aux publics et aux professionnels\u2026<\/span><strong style=\"font-size: 15px; text-align: center; text-indent: 0em;\">\u2192 <a href=\"https:\/\/parlera.fr\/wp\/wp-content\/uploads\/2021\/07\/CRIA74_temoignages-et-messages.pdf\">Lire la suite !<\/a><\/strong><\/p>\n<ul>\n<li>11 D\u00e9cembre 2023: Journ\u00e9e r\u00e9gionale Illettrisme\/Illectronisme dans le cadre du pacte des solidarit\u00e9s: <a href=\"https:\/\/parlera.fr\/wp\/wp-content\/uploads\/2023\/11\/Programme-JR-AuRA-11-d\u00e9cembreVF191023.pdf\">Programme et inscription<\/a><\/li>\n<li>JNAI 2023: dans le cadre de la 10e \u00e9dition &#8220;Illettrisme, en parler pour avancer&#8221;, 3 \u00e9v\u00e9nements sont (co)-organis\u00e9s par le CRIA74:<\/li>\n<\/ul>\n<p>-Divers acteurs du 74 s&#8217;engagent aux c\u00f4t\u00e9 du CRIA74 afin de produire des capsules traitant simplement de l&#8217;illettrisme\/illectronisme: <a href=\"https:\/\/www.illettrisme-journees.fr\/events_2023\/capsule-video-illettrisme-les-acteurs-de-haute-savoie-en-parlent-pour-avancer\/?date-debut=2023-09-04&amp;date-fin=2023-12-31&amp;region=11&amp;id\">fiche \u00e9v\u00e9nement<\/a><\/p>\n<p>-19\/09: un webinaire &#8220;Comment rep\u00e9rer les personnes en situation d&#8217;illettrisme&#8221; a \u00e9t\u00e9 co-animer avec le CRI Auvergne et \u00e0 destination des conseillers AKTO. Ce webinaire fait suite \u00e0 une intervention que nous avions faite en juin 2023 aupr\u00e8s des conseillers AKTO.\u00a0<a href=\"https:\/\/www.illettrisme-journees.fr\/events_2023\/reperage-des-personnes-en-situation-dillettrisme\/?date-debut=2023-09-04&amp;date-fin=2023-12-31&amp;region=11&amp;id\">fiche \u00e9v\u00e9nement <\/a><\/p>\n<p>-29\/09: Une matinale &#8220;Comment d\u00e9tecter les situations d&#8217;illettrisme en entreprise et d\u00e9velopper les comp\u00e9tences de ces salari\u00e9s&#8221;, \u00e0 destination des entreprises 74, a \u00e9t\u00e9 organis\u00e9e avec Transitions Pro et Akto:\u00a0<a href=\"https:\/\/www.illettrisme-journees.fr\/events_2023\/comment-detecter-les-situations-dillettrisme-en-entreprise-et-developper-les-competences-de-ces-salaries-2\/?date-debut=2023-09-29&amp;date-fin=2023-12-31&amp;region=11&amp;id\">fiche \u00e9v\u00e9nement <\/a><\/p>\n<ul>\n<li>Le Plan r\u00e9gional de pr\u00e9vention et de lutte contre l&#8217;illettrisme PRPLCI Auvergne-Rh\u00f4ne-Alpes 2019 &#8211; 2024 a \u00e9t\u00e9 pr\u00e9sent\u00e9 en visioconf\u00e9rence par territoire acad\u00e9mique, pour l&#8217;acad\u00e9mie de Grenoble, le 23 f\u00e9vrier 2021 :\u00a0<a href=\"https:\/\/parlera.fr\/wp\/wp-content\/uploads\/2021\/04\/presentation_prplci_ARA-2019-2022_f\u00e9vrier-2021_VFbis-30-03-2021.pdf\">Acc\u00e8s PRPLCI<\/a><\/li>\n<\/ul>\n<hr \/>\n<p><span style=\"font-size: 14px; background-color: #ffcc99;\"><strong>Illectronisme :<\/strong><\/span><\/p>\n<ul>\n<li><span style=\"font-size: 13px;\"><strong>En Haute-Savoie, la plateforme\/cartographie\/site<\/strong> <a href=\"https:\/\/mednum74.fr\/?PagePrincipale\" target=\"_blank\" rel=\"noopener noreferrer\" data-auth=\"NotApplicable\">MedNum 74<\/a>\u00a0est en place, elle vise \u00e0 outiller les acteurs de l&#8217;inclusion et de la m\u00e9diation num\u00e9rique, elle permet le recensement et la r\u00e9actualisation d&#8217;actions 74 au fil de l&#8217;eau.<\/span><\/li>\n<li><span style=\"font-size: 13px;\"><strong>Une personne sur 6 n\u2019utilise pas internet,<\/strong> plus d&#8217;1 usager sur 3 manque de comp\u00e9tences num\u00e9riques :\u00a0<a href=\"https:\/\/parlera.fr\/wp\/wp-content\/uploads\/2019\/11\/INSEE-oct-2019.pdf\">INSEE octobre 2019 &#8211;\u00a0<\/a><\/span><span style=\"font-size: 13px;\">Le S\u00e9nat a cr\u00e9\u00e9 une mission d\u2019information &#8220;<strong>Lutte contre l\u2019illectronisme et inclusion num\u00e9rique<\/strong>&#8220;, 5 sur 23 s\u00e9nateurs qui font partie du groupe sont dans notre r\u00e9gion Auvergne-Rh\u00f4ne-Alpes.\u00a0<\/span><span style=\"font-size: 13px;\"><span style=\"text-indent: 0em;\">Consulter le <\/span><a style=\"text-indent: 0em;\" href=\"https:\/\/sps.fr\/wp-content\/uploads\/2020\/01\/SPS_Livre_Blanc_Contre_Illectronisme_Octobre2019.pdf\" target=\"_blank\" rel=\"noopener\">livre blanc \u00ab Contre l\u2019illectronisme \u00bb<\/a><span style=\"text-indent: 0em;\"> (SPS, juin 2019, 74 p.)<\/span><br \/>\n<\/span><\/li>\n<\/ul>\n<p>&nbsp;<\/p>\n<p>&nbsp;<\/p>\n<p style=\"text-align: center;\"><em><a href=\"https:\/\/parlera.fr\/wp\/les-centres-ressources\/cria-74\/\" target=\"_blank\" rel=\"noopener\">Retour \u00e0 la page CRIA74<\/a><\/em><\/p>\n","protected":false},"excerpt":{"rendered":"<p>R\u00e9pertoire &#8220;OF &amp; Salari\u00e9s&#8221; en Haute-Savoie Le livret\u00a0&#8220;OF &amp; Salari\u00e9s&#8221; est d\u00e9sormais disponible en Haute-Savoie ! Ce livret r\u00e9pertorie les organismes de formation de Haute-Savoie qui peuvent apporter des r\u00e9ponses &hellip;<\/p>\n","protected":false},"author":18,"featured_media":0,"parent":15,"menu_order":1,"comment_status":"closed","ping_status":"closed","template":"","meta":{"_mi_skip_tracking":false,"footnotes":""},"class_list":["post-15872","page","type-page","status-publish","hentry"],"jetpack_shortlink":"https:\/\/wp.me\/P5C1Zr-480","jetpack_sharing_enabled":true,"_links":{"self":[{"href":"https:\/\/parlera.fr\/wp\/wp-json\/wp\/v2\/pages\/15872","targetHints":{"allow":["GET"]}}],"collection":[{"href":"https:\/\/parlera.fr\/wp\/wp-json\/wp\/v2\/pages"}],"about":[{"href":"https:\/\/parlera.fr\/wp\/wp-json\/wp\/v2\/types\/page"}],"author":[{"embeddable":true,"href":"https:\/\/parlera.fr\/wp\/wp-json\/wp\/v2\/users\/18"}],"replies":[{"embeddable":true,"href":"https:\/\/parlera.fr\/wp\/wp-json\/wp\/v2\/comments?post=15872"}],"version-history":[{"count":66,"href":"https:\/\/parlera.fr\/wp\/wp-json\/wp\/v2\/pages\/15872\/revisions"}],"predecessor-version":[{"id":23171,"href":"https:\/\/parlera.fr\/wp\/wp-json\/wp\/v2\/pages\/15872\/revisions\/23171"}],"up":[{"embeddable":true,"href":"https:\/\/parlera.fr\/wp\/wp-json\/wp\/v2\/pages\/15"}],"wp:attachment":[{"href":"https:\/\/parlera.fr\/wp\/wp-json\/wp\/v2\/media?parent=15872"}],"curies":[{"name":"wp","href":"https:\/\/api.w.org\/{rel}","templated":true}]}}