{"id":24,"date":"2026-02-02T08:43:40","date_gmt":"2026-02-02T07:43:40","guid":{"rendered":"https:\/\/parlera.fr\/wp\/?page_id=24"},"modified":"2026-03-11T19:00:56","modified_gmt":"2026-03-11T18:00:56","slug":"cri-69","status":"publish","type":"page","link":"https:\/\/parlera.fr\/wp\/les-centres-ressources\/cri-69\/","title":{"rendered":"Centre Ressources Illettrisme AFI \/ ECRIT 69"},"content":{"rendered":"<p><span style=\"font-family: verdana, geneva, sans-serif;\"><span style=\"font-size: 15px;\">L&#8217;<strong>association AFI <\/strong>(Association\u00a0Formation et\u00a0Ing\u00e9nierie) porte 3 Centres Ressources Illettrisme dans la r\u00e9gion Auvergne-Rh\u00f4ne-Alpes : ECRIT01, ECRIT42 et\u00a0ECRIT69. L&#8217;association compte 11 salari\u00e9s dont 1 directrice commune \u00e0 l&#8217;Ain, la Loire et le Rh\u00f4ne.<\/span><\/span><\/p>\n<p><span style=\"font-family: verdana, geneva, sans-serif; font-size: 15px;\">Le<strong> Centre Ressources AFI\/ECRIT69\u00a0<\/strong>r\u00e9pond aux besoins d\u2019information, de sensibilisation, de mise en r\u00e9seau et d\u2019accompagnement des acteurs du Rh\u00f4ne\u00a0sur les\u00a0 sujets de l&#8217;acc\u00e8s aux comp\u00e9tences de\u00a0base ou \u00e0 l\u2019apprentissage du fran\u00e7ais.\u00a0Ces acteurs sont par exemple des associations, des organismes de formation, des conseillers en insertion socioprofessionnelle, des services de l\u2019Etat ou des collectivit\u00e9s territoriales, des m\u00e9diath\u00e8ques, des conseillers num\u00e9riques&#8230;<\/span><\/p>\n<p style=\"text-align: center;\"><span style=\"font-family: verdana, geneva, sans-serif; font-size: 15px;\"><strong><a href=\"https:\/\/parlera.fr\/wp\/les-centres-ressources\/cri-69\/missions-decrit69\/\">Nos missions<\/a> \u00a0\/ \u00a0<a href=\"https:\/\/parlera.fr\/wp\/les-centres-ressources\/cri-69\/missions-decrit69\/\">Plan d&#8217;acc\u00e8s \u00e0 nos locaux<\/a>\u00a0 \/ \u00a0<\/strong><strong style=\"text-indent: 0em;\"><a href=\"https:\/\/parlera.fr\/wp\/?page_id=14365&amp;preview=true\" target=\"_blank\" rel=\"noopener\">Actualit\u00e9s ECRIT69<\/a><\/strong><\/span><\/p>\n<hr \/>\n<p><span style=\"font-size: 18px;\"><span style=\"background-color: #00ffff;\"><strong>DERNIERES ACTUALITES<\/strong><\/span><\/span><\/p>\n<div>\n<ul>\n<li>Il reste quelques places sur certaines sensibilisations du 1er semestre 2026 !<br \/>\nInscrivez-vous vite, les places sont gratuites mais limit\u00e9es.\u00a0&gt;\u00a0<a class=\"\" title=\"https:\/\/parlera.fr\/wp\/les-centres-ressources\/cri-69\/animations-accompagnements\/\" href=\"https:\/\/parlera.fr\/wp\/les-centres-ressources\/cri-69\/animations-accompagnements\/\">Programme et inscription<\/a><\/li>\n<li>D\u00e9couvrez nos <a href=\"https:\/\/parlera.fr\/wp\/ressources\/allophones\/niveaux-fle-sejour-naturalisation\/\">derni\u00e8res ressources en lien avec les certifications linguistiques et civiques !<\/a><\/li>\n<\/ul>\n<\/div>\n<div><\/div>\n<hr \/>\n<table style=\"font-weight: 400;\">\n<tbody>\n<tr>\n<td width=\"342\"><a href=\"https:\/\/parlera.fr\/wp\/les-centres-ressources\/cri-69\/animations-accompagnements\/\"><img loading=\"lazy\" decoding=\"async\" class=\"aligncenter wp-image-23501\" src=\"https:\/\/parlera.fr\/wp\/wp-content\/uploads\/2026\/02\/1-724x1024.jpg\" alt=\"\" width=\"156\" height=\"220\" srcset=\"https:\/\/parlera.fr\/wp\/wp-content\/uploads\/2026\/02\/1-724x1024.jpg 724w, https:\/\/parlera.fr\/wp\/wp-content\/uploads\/2026\/02\/1-106x150.jpg 106w, https:\/\/parlera.fr\/wp\/wp-content\/uploads\/2026\/02\/1-212x300.jpg 212w, https:\/\/parlera.fr\/wp\/wp-content\/uploads\/2026\/02\/1-768x1086.jpg 768w, https:\/\/parlera.fr\/wp\/wp-content\/uploads\/2026\/02\/1-71x100.jpg 71w, https:\/\/parlera.fr\/wp\/wp-content\/uploads\/2026\/02\/1.jpg 1414w\" sizes=\"auto, (max-width: 156px) 100vw, 156px\" \/><\/a><\/td>\n<td width=\"342\"><span style=\"font-family: verdana, geneva, sans-serif; font-size: 15px;\"><strong><a href=\"https:\/\/parlera.fr\/wp\/les-centres-ressources\/cri-69\/panorama-offre-formation\/\" target=\"_blank\" rel=\"noopener\"><img loading=\"lazy\" decoding=\"async\" class=\"aligncenter wp-image-14882\" src=\"https:\/\/parlera.fr\/wp\/wp-content\/uploads\/2020\/07\/Directions-300x300.jpg\" alt=\"\" width=\"164\" height=\"164\" srcset=\"https:\/\/parlera.fr\/wp\/wp-content\/uploads\/2020\/07\/Directions-300x300.jpg 300w, https:\/\/parlera.fr\/wp\/wp-content\/uploads\/2020\/07\/Directions-150x150.jpg 150w, https:\/\/parlera.fr\/wp\/wp-content\/uploads\/2020\/07\/Directions-100x100.jpg 100w, https:\/\/parlera.fr\/wp\/wp-content\/uploads\/2020\/07\/Directions.jpg 340w\" sizes=\"auto, (max-width: 164px) 100vw, 164px\" \/><\/a><\/strong><\/span><\/td>\n<td width=\"342\"><span style=\"font-family: verdana, geneva, sans-serif; font-size: 15px;\"><a href=\"https:\/\/parlera.fr\/wp\/les-centres-ressources\/cri-69\/orientation\/\" target=\"_blank\" rel=\"noopener\"><img loading=\"lazy\" decoding=\"async\" class=\"aligncenter wp-image-15463\" src=\"https:\/\/parlera.fr\/wp\/wp-content\/uploads\/2020\/08\/Questions-300x300.png\" alt=\"\" width=\"162\" height=\"162\" srcset=\"https:\/\/parlera.fr\/wp\/wp-content\/uploads\/2020\/08\/Questions-300x300.png 300w, https:\/\/parlera.fr\/wp\/wp-content\/uploads\/2020\/08\/Questions-150x150.png 150w, https:\/\/parlera.fr\/wp\/wp-content\/uploads\/2020\/08\/Questions-100x100.png 100w, https:\/\/parlera.fr\/wp\/wp-content\/uploads\/2020\/08\/Questions.png 720w\" sizes=\"auto, (max-width: 162px) 100vw, 162px\" \/><\/a><\/span><\/td>\n<\/tr>\n<tr>\n<td style=\"text-align: center;\" width=\"342\"><span style=\"font-family: verdana, geneva, sans-serif; font-size: 15px;\"><strong>1. PROGRAMME DES SENSIBILISATIONS<br \/>\n<a href=\"https:\/\/parlera.fr\/wp\/les-centres-ressources\/cri-69\/animations-accompagnements\/\" target=\"_blank\" rel=\"noopener\">Accompagnement des pratiques<\/a><\/strong><\/span><\/td>\n<td style=\"text-align: center;\" width=\"342\"><span style=\"font-family: verdana, geneva, sans-serif; font-size: 15px;\"><strong>2. PANORAMA<br \/>\n<a href=\"https:\/\/parlera.fr\/wp\/les-centres-ressources\/cri-69\/panorama-formations-examens\/\" target=\"_blank\" rel=\"noopener\">Formations et<br \/>\ncentres d&#8217;examens<\/a><\/strong><\/span><\/td>\n<td style=\"text-align: center;\" width=\"342\"><span style=\"font-family: verdana, geneva, sans-serif; font-size: 15px;\"><strong>3. ORIENTATION<br \/>\n<a href=\"https:\/\/parlera.fr\/wp\/les-centres-ressources\/cri-69\/orientation\/\" target=\"_blank\" rel=\"noopener\">N\u00b0 vert du Rh\u00f4ne, plateformes linguistiques<\/a><\/strong><\/span><\/td>\n<\/tr>\n<\/tbody>\n<\/table>\n<hr \/>\n<table style=\"font-weight: 400;\">\n<tbody>\n<tr>\n<td width=\"342\"><span style=\"font-family: verdana, geneva, sans-serif; font-size: 15px;\"><strong><span style=\"background-color: #ffcc00;\"><b><span style=\"color: #800000;\"><sub><a href=\"https:\/\/parlera.fr\/wp\/les-centres-ressources\/cri-69\/projets\/\" target=\"_blank\" rel=\"noopener\"><img loading=\"lazy\" decoding=\"async\" class=\"wp-image-15915 aligncenter\" src=\"https:\/\/parlera.fr\/wp\/wp-content\/uploads\/2020\/10\/Reussite-300x200.jpg\" alt=\"\" width=\"256\" height=\"171\" srcset=\"https:\/\/parlera.fr\/wp\/wp-content\/uploads\/2020\/10\/Reussite-300x200.jpg 300w, https:\/\/parlera.fr\/wp\/wp-content\/uploads\/2020\/10\/Reussite-150x100.jpg 150w, https:\/\/parlera.fr\/wp\/wp-content\/uploads\/2020\/10\/Reussite.jpg 510w\" sizes=\"auto, (max-width: 256px) 100vw, 256px\" \/><\/a><\/sub><\/span><\/b><\/span><\/strong><\/span><\/td>\n<td width=\"342\"><span style=\"font-family: verdana, geneva, sans-serif; font-size: 15px;\"><a href=\"https:\/\/parlera.fr\/wp\/les-centres-ressources\/cri-69\/ressources-pedagogiques\/\" target=\"_blank\" rel=\"noopener\"><img loading=\"lazy\" decoding=\"async\" class=\"wp-image-11632 aligncenter\" src=\"https:\/\/parlera.fr\/wp\/wp-content\/uploads\/2018\/12\/Biblioth\u00e8que-300x300.jpg\" sizes=\"auto, (max-width: 300px) 100vw, 300px\" srcset=\"https:\/\/parlera.fr\/wp\/wp-content\/uploads\/2018\/12\/Biblioth\u00e8que-300x300.jpg 300w, https:\/\/parlera.fr\/wp\/wp-content\/uploads\/2018\/12\/Biblioth\u00e8que-150x150.jpg 150w, https:\/\/parlera.fr\/wp\/wp-content\/uploads\/2018\/12\/Biblioth\u00e8que-100x100.jpg 100w, https:\/\/parlera.fr\/wp\/wp-content\/uploads\/2018\/12\/Biblioth\u00e8que.jpg 626w\" alt=\"\" width=\"174\" height=\"174\" \/><\/a><\/span><\/td>\n<td width=\"342\"><span style=\"font-family: verdana, geneva, sans-serif; font-size: 15px;\"><a href=\"https:\/\/parlera.fr\/wp\/les-centres-ressources\/cri-69\/actu-sur-le-rhone\/offres-emploi-et-benevolat\/\" target=\"_blank\" rel=\"noopener\"><img loading=\"lazy\" decoding=\"async\" class=\"alignleft wp-image-13101 size-medium\" src=\"https:\/\/parlera.fr\/wp\/wp-content\/uploads\/2019\/10\/benevolat-emploi-300x166.jpg\" sizes=\"auto, (max-width: 300px) 100vw, 300px\" srcset=\"https:\/\/parlera.fr\/wp\/wp-content\/uploads\/2019\/10\/benevolat-emploi-300x166.jpg 300w, https:\/\/parlera.fr\/wp\/wp-content\/uploads\/2019\/10\/benevolat-emploi-150x83.jpg 150w, https:\/\/parlera.fr\/wp\/wp-content\/uploads\/2019\/10\/benevolat-emploi-180x100.jpg 180w, https:\/\/parlera.fr\/wp\/wp-content\/uploads\/2019\/10\/benevolat-emploi.jpg 301w\" alt=\"\" width=\"300\" height=\"166\" \/><\/a><\/span><\/td>\n<\/tr>\n<tr>\n<td style=\"text-align: center;\" width=\"342\"><span style=\"font-family: verdana, geneva, sans-serif; font-size: 15px;\"><strong>4. ACCOMPAGNEMENT DE PROJETS<br \/>\n<a href=\"https:\/\/parlera.fr\/wp\/les-centres-ressources\/cri-69\/projets\/\" target=\"_blank\" rel=\"noopener\">Conseil, ing\u00e9nierie, accompagnement<\/a><\/strong><\/span><\/td>\n<td style=\"text-align: center;\" width=\"342\"><span style=\"font-family: verdana, geneva, sans-serif; font-size: 15px;\"><strong>5. RESSOURCES PEDAGOGIQUES<\/strong><\/span><br \/>\n<span style=\"font-family: verdana, geneva, sans-serif; font-size: 15px;\"><a href=\"https:\/\/parlera.fr\/wp\/les-centres-ressources\/cri-69\/ressources-pedagogiques\/\" target=\"_blank\" rel=\"noopener\"><strong>Documentation, Pearltrees<\/strong><\/a><\/span><\/td>\n<td style=\"text-align: center;\" width=\"342\"><span style=\"font-family: verdana, geneva, sans-serif; font-size: 15px;\"><strong>6. ANNONCES<\/strong><\/span><br \/>\n<span style=\"font-family: verdana, geneva, sans-serif; font-size: 15px;\"><strong><a href=\"https:\/\/parlera.fr\/wp\/les-centres-ressources\/cri-69\/actu-sur-le-rhone\/offres-emploi-et-benevolat\/\" target=\"_blank\" rel=\"noopener\">Offres d&#8217;emploi<br \/>\nrecherche de b\u00e9n\u00e9voles<\/a><\/strong><\/span><\/td>\n<\/tr>\n<\/tbody>\n<\/table>\n<p style=\"text-align: center;\"><span style=\"font-size: 15px; font-family: verdana, geneva, sans-serif;\"><strong>\u00a0<\/strong><\/span><\/p>\n<hr \/>\n<p style=\"text-align: center;\"><span style=\"font-family: verdana, geneva, sans-serif; font-size: 15px;\"><strong>D\u00e9couvrez la Cha\u00eene YouTube AFI !<br \/>\n<a href=\"https:\/\/www.youtube.com\/channel\/UCggVlm4q6sXhHweDS9vAGpg\" target=\"_blank\" rel=\"noopener\"><img loading=\"lazy\" decoding=\"async\" class=\"aligncenter wp-image-19410 size-large\" src=\"https:\/\/parlera.fr\/wp\/wp-content\/uploads\/2022\/08\/Capture-d\u2019\u00e9cran-2022-08-05-\u00e0-09.39.25-1024x225.png\" alt=\"\" width=\"587\" height=\"129\" srcset=\"https:\/\/parlera.fr\/wp\/wp-content\/uploads\/2022\/08\/Capture-d\u2019\u00e9cran-2022-08-05-\u00e0-09.39.25-1024x225.png 1024w, https:\/\/parlera.fr\/wp\/wp-content\/uploads\/2022\/08\/Capture-d\u2019\u00e9cran-2022-08-05-\u00e0-09.39.25-150x33.png 150w, https:\/\/parlera.fr\/wp\/wp-content\/uploads\/2022\/08\/Capture-d\u2019\u00e9cran-2022-08-05-\u00e0-09.39.25-300x66.png 300w, https:\/\/parlera.fr\/wp\/wp-content\/uploads\/2022\/08\/Capture-d\u2019\u00e9cran-2022-08-05-\u00e0-09.39.25-768x169.png 768w, https:\/\/parlera.fr\/wp\/wp-content\/uploads\/2022\/08\/Capture-d\u2019\u00e9cran-2022-08-05-\u00e0-09.39.25-455x100.png 455w, https:\/\/parlera.fr\/wp\/wp-content\/uploads\/2022\/08\/Capture-d\u2019\u00e9cran-2022-08-05-\u00e0-09.39.25.png 1530w\" sizes=\"auto, (max-width: 587px) 100vw, 587px\" \/><\/a><\/strong><\/span><\/p>\n","protected":false},"excerpt":{"rendered":"<p>L&#8217;association AFI (Association\u00a0Formation et\u00a0Ing\u00e9nierie) porte 3 Centres Ressources Illettrisme dans la r\u00e9gion Auvergne-Rh\u00f4ne-Alpes : ECRIT01, ECRIT42 et\u00a0ECRIT69. L&#8217;association compte 11 salari\u00e9s dont 1 directrice commune \u00e0 l&#8217;Ain, la Loire et &hellip;<\/p>\n","protected":false},"author":24,"featured_media":0,"parent":990,"menu_order":0,"comment_status":"closed","ping_status":"closed","template":"","meta":{"_mi_skip_tracking":false,"footnotes":""},"class_list":["post-24","page","type-page","status-publish","hentry"],"jetpack_shortlink":"https:\/\/wp.me\/P5C1Zr-o","jetpack_sharing_enabled":true,"_links":{"self":[{"href":"https:\/\/parlera.fr\/wp\/wp-json\/wp\/v2\/pages\/24","targetHints":{"allow":["GET"]}}],"collection":[{"href":"https:\/\/parlera.fr\/wp\/wp-json\/wp\/v2\/pages"}],"about":[{"href":"https:\/\/parlera.fr\/wp\/wp-json\/wp\/v2\/types\/page"}],"author":[{"embeddable":true,"href":"https:\/\/parlera.fr\/wp\/wp-json\/wp\/v2\/users\/24"}],"replies":[{"embeddable":true,"href":"https:\/\/parlera.fr\/wp\/wp-json\/wp\/v2\/comments?post=24"}],"version-history":[{"count":50,"href":"https:\/\/parlera.fr\/wp\/wp-json\/wp\/v2\/pages\/24\/revisions"}],"predecessor-version":[{"id":23637,"href":"https:\/\/parlera.fr\/wp\/wp-json\/wp\/v2\/pages\/24\/revisions\/23637"}],"up":[{"embeddable":true,"href":"https:\/\/parlera.fr\/wp\/wp-json\/wp\/v2\/pages\/990"}],"wp:attachment":[{"href":"https:\/\/parlera.fr\/wp\/wp-json\/wp\/v2\/media?parent=24"}],"curies":[{"name":"wp","href":"https:\/\/api.w.org\/{rel}","templated":true}]}}