{"id":4656,"date":"2024-09-01T10:49:51","date_gmt":"2024-09-01T09:49:51","guid":{"rendered":"https:\/\/parlera.fr\/wp\/?page_id=4656"},"modified":"2024-09-04T10:15:02","modified_gmt":"2024-09-04T09:15:02","slug":"ressources-pedagogiques","status":"publish","type":"page","link":"https:\/\/parlera.fr\/wp\/les-centres-ressources\/cri-69\/ressources-pedagogiques\/","title":{"rendered":"5. Ressources p\u00e9dagogiques : documentation, Pearltrees&#8230;"},"content":{"rendered":"<ul>\n<li>Vous \u00eates formateur ou animateur, salari\u00e9 ou b\u00e9n\u00e9vole ?<\/li>\n<li>Vous intervenez dans un organisme de formation ou dans une association portant un atelier sociolinguistique ?<\/li>\n<li>Vous animez des ateliers de rem\u00e9diation dans les savoirs de base (lutte contre l\u2019illettrisme) ou des ateliers d\u2019apprentissage du fran\u00e7ais langue \u00e9trang\u00e8re \/ langue d\u2019int\u00e9gration ?<\/li>\n<\/ul>\n<p><strong>L&#8217;\u00e9quipe d&#8217;AFI\/ECRIT69 met \u00e0 votre disposition :<\/strong><\/p>\n<ul>\n<li><span style=\"color: #008080;\">Un centre de documentation ECRIT69 \u00e0 Villeurbanne<\/span><\/li>\n<li><span style=\"color: #008080;\">Une s\u00e9lection de ressources num\u00e9riques pour vous : le Pearltrees ECRIT69<\/span><\/li>\n<li><span style=\"font-size: 16px; color: #008080;\">Une s\u00e9lection de ressources num\u00e9riques pour vos apprenants, en auto-apprentissage : sites \/ applications \/ MOOC<\/span><\/li>\n<\/ul>\n<hr \/>\n<h4><span style=\"color: #008080; font-size: 18px;\"><strong>Centre de documentation<\/strong><\/span><\/h4>\n<p>R\u00e9actualis\u00e9 en permanence, il compte aujourd&#8217;hui pr\u00e8s de 1000 ouvrages \u00e0 votre disposition.<\/p>\n<p><strong>Th\u00e9matiques des ouvrages :<\/strong><\/p>\n<ul>\n<li><a href=\"https:\/\/parlera.fr\/wp\/les-centres-ressources\/cri-69\/doc2\/\"><img loading=\"lazy\" decoding=\"async\" class=\"size-medium wp-image-4628 alignright\" src=\"https:\/\/parlera.fr\/wp\/wp-content\/uploads\/2012\/09\/doc2-300x200.png\" alt=\"\" width=\"300\" height=\"200\" srcset=\"https:\/\/parlera.fr\/wp\/wp-content\/uploads\/2012\/09\/doc2-300x200.png 300w, https:\/\/parlera.fr\/wp\/wp-content\/uploads\/2012\/09\/doc2-150x100.png 150w, https:\/\/parlera.fr\/wp\/wp-content\/uploads\/2012\/09\/doc2-768x513.png 768w, https:\/\/parlera.fr\/wp\/wp-content\/uploads\/2012\/09\/doc2-1024x684.png 1024w\" sizes=\"auto, (max-width: 300px) 100vw, 300px\" \/><\/a>Savoirs de base :<br \/>\nPr\u00e9vention et Lutte contre l&#8217;illettrisme \/\u00a0Apprendre \u00e0 apprendre \/\u00a0Raisonnement logique \/\u00a0Math\u00e9matiques \/\u00a0Lecture Ecriture<\/li>\n<li>Fran\u00e7ais Langue Etrang\u00e8re :<br \/>\nCECR et niveaux de langue \/\u00a0Didactique du FLE \/\u00a0M\u00e9thodologie des ASL \/\u00a0M\u00e9thodes de FLE \/\u00a0Langue orale \/ Phon\u00e9tique \/\u00a0Lecture Ecriture\u00a0\/ Grammaire \/ Orthographe \/\u00a0Vocabulaire vie quotidienne \/\u00a0Civilisation Citoyennet\u00e9<\/li>\n<li>Th\u00e9matiques transversales :<br \/>\n\u00c9valuation des apprentissages \/\u00a0Insertion et Fran\u00e7ais Professionnel \/\u00a0Code de la route \/\u00a0Num\u00e9rique \/\u00a0Livres et biblioth\u00e8ques \/\u00a0Pratiques alternatives \/\u00a0Ateliers d\u2019\u00e9criture \/\u00a0Lectures en fran\u00e7ais facile \/\u00a0Interculturel et Plurilinguisme&#8230;<\/li>\n<\/ul>\n<p><strong>R\u00e8glement du Centre de documentation AFI\/ECRIT69<\/strong><\/p>\n<ul>\n<li>Consultation sur place<br \/>\nMerci de nous contacter pour pr\u00e9voir votre visite : Tel. 09 52 82 44 69 ou par mail :\u00a0<a href=\"mailto:ecrit69@afi3.fr\">ecrit69@afi3.fr<\/a><\/li>\n<li>Modalit\u00e9s de pr\u00eat<br \/>\n&#8211; Dur\u00e9e d\u2019emprunt\u00a0: 4 semaines renouvelables<br \/>\n&#8211; Au maximum 5 documents \u00e0 la fois<br \/>\n&#8211; Pr\u00eat gratuit<br \/>\n&#8211; En cas de perte ou d\u00e9t\u00e9rioration, il vous sera demand\u00e9 de remplacer ou rembourser les documents.<\/li>\n<\/ul>\n<p><strong> Lieu et contact<\/strong><br \/>\nC<span style=\"text-indent: 0em;\">entre Ressources AFI\/ECRIT69 : 1<\/span>85 rue Jean Voillot,\u00a069100 Villeurbanne<br \/>\n\u2192 <a href=\"https:\/\/parlera.fr\/wp\/les-centres-ressources\/cri-69\/missions-decrit69\/\" target=\"_blank\" rel=\"noopener\">Plan d&#8217;acc\u00e8s AFI-ECRIT69<\/a><\/p>\n<hr \/>\n<h4><span style=\"font-size: 18px;\"><strong><span style=\"color: #008080;\">S\u00e9lection de ressources num\u00e9riques pour vous : le Pearltrees ECRIT69<\/span><\/strong><\/span><\/h4>\n<p>Pour les futurs animateurs en ateliers sociolinguistiques (ASL), ECRIT69 mettra \u00e0 jour en septembre 2024 cette bibliographie :\u00a0<a href=\"https:\/\/parlera.fr\/wp\/wp-content\/uploads\/2017\/08\/Bibliographie-FLE-oral-animateurs-ASL.pdf\">Kit de d\u00e9marrage du b\u00e9n\u00e9vole en Atelier Sociolinguistique<\/a>.<\/p>\n<p><span style=\"font-size: 16px;\"><strong><a href=\"https:\/\/parlera.fr\/wp\/les-centres-ressources\/cri-69\/projets\/coordination-linguistique-villefranche\/projets\/capture-decran-2022-12-28-a-15-45-05\/\"><img loading=\"lazy\" decoding=\"async\" class=\" wp-image-19920 alignright\" src=\"https:\/\/parlera.fr\/wp\/wp-content\/uploads\/2022\/12\/Capture-d\u2019\u00e9cran-2022-12-28-\u00e0-15.45.05-300x199.png\" alt=\"\" width=\"312\" height=\"207\" srcset=\"https:\/\/parlera.fr\/wp\/wp-content\/uploads\/2022\/12\/Capture-d\u2019\u00e9cran-2022-12-28-\u00e0-15.45.05-300x199.png 300w, https:\/\/parlera.fr\/wp\/wp-content\/uploads\/2022\/12\/Capture-d\u2019\u00e9cran-2022-12-28-\u00e0-15.45.05-150x99.png 150w, https:\/\/parlera.fr\/wp\/wp-content\/uploads\/2022\/12\/Capture-d\u2019\u00e9cran-2022-12-28-\u00e0-15.45.05-768x508.png 768w, https:\/\/parlera.fr\/wp\/wp-content\/uploads\/2022\/12\/Capture-d\u2019\u00e9cran-2022-12-28-\u00e0-15.45.05-1024x678.png 1024w, https:\/\/parlera.fr\/wp\/wp-content\/uploads\/2022\/12\/Capture-d\u2019\u00e9cran-2022-12-28-\u00e0-15.45.05-151x100.png 151w, https:\/\/parlera.fr\/wp\/wp-content\/uploads\/2022\/12\/Capture-d\u2019\u00e9cran-2022-12-28-\u00e0-15.45.05.png 1351w\" sizes=\"auto, (max-width: 312px) 100vw, 312px\" \/><\/a><\/strong><\/span>Si vous recherchez des outils et supports d\u2019animation gratuits en libres d&#8217;acc\u00e8s,\u00a0naviguez sur notre <a href=\"http:\/\/www.pearltrees.com\/ecrit69\"><strong>PEARLTREES ECRIT69<\/strong><\/a>.<br \/>\nVous y trouverez :<\/p>\n<ul>\n<li>Des outils et conseils pour s\u2019outiller en tant qu\u2019animateur d\u2019ateliers sociolinguistiques<\/li>\n<li>Une entr\u00e9e par besoins linguistiques et par th\u00e9matiques de la vie quotidienne<\/li>\n<\/ul>\n<hr \/>\n<h4><span style=\"font-size: 18px;\"><strong style=\"color: #008080; text-indent: 0em;\">S\u00e9lection de ressources num\u00e9riques pour vos apprenants, en auto-apprentissage : <span style=\"color: #008080;\"><strong> sites \/ applications \/ MOOC<\/strong><\/span><\/strong><\/span><\/h4>\n<p>Le num\u00e9rique permet aux publics \u00e9quip\u00e9s et d\u00e9j\u00e0 aguerris de maintenir une dynamique d\u2019apprentissage en attendant, en parall\u00e8le ou apr\u00e8s une formation.<\/p>\n<p>L&#8217;\u00e9quipe d&#8217;AFI\/ECRIT69 a mis \u00e0 jour en novembre 2023\u00a0sa sitographie d\u00e9di\u00e9e \u00e0 l\u2019auto-apprentissage\u00a0pour les apprenants d\u2019origine \u00e9trang\u00e8re<br \/>\nsouhaitant se former en fran\u00e7ais en autonomie par le num\u00e9rique,\u00a0en 3 volet :\u00a0sites Internet + applications + MOOC :<\/p>\n<table>\n<tbody>\n<tr>\n<td width=\"342\"><a href=\"https:\/\/parlera.fr\/wp\/wp-content\/uploads\/2023\/11\/23_ECRIT69_Selection_SitesInternet.pdf\" target=\"_blank\" rel=\"noopener\"><img loading=\"lazy\" decoding=\"async\" class=\"size-medium wp-image-13397 aligncenter\" src=\"https:\/\/parlera.fr\/wp\/wp-content\/uploads\/2020\/01\/Sites-auto-app-300x145.png\" alt=\"\" width=\"300\" height=\"145\" srcset=\"https:\/\/parlera.fr\/wp\/wp-content\/uploads\/2020\/01\/Sites-auto-app-300x145.png 300w, https:\/\/parlera.fr\/wp\/wp-content\/uploads\/2020\/01\/Sites-auto-app-150x72.png 150w, https:\/\/parlera.fr\/wp\/wp-content\/uploads\/2020\/01\/Sites-auto-app-207x100.png 207w, https:\/\/parlera.fr\/wp\/wp-content\/uploads\/2020\/01\/Sites-auto-app.png 408w\" sizes=\"auto, (max-width: 300px) 100vw, 300px\" \/><\/a><\/td>\n<td width=\"342\"><a href=\"https:\/\/parlera.fr\/wp\/wp-content\/uploads\/2020\/04\/ECRIT69_Selection_Applications-1.pdf\" target=\"_blank\" rel=\"noopener\"><img loading=\"lazy\" decoding=\"async\" class=\"aligncenter\" src=\"https:\/\/parlera.fr\/wp\/wp-content\/uploads\/2021\/10\/applications-300x199.jpeg\" alt=\"\" width=\"174\" height=\"116\" \/><\/a><\/td>\n<td width=\"342\"><a href=\"https:\/\/parlera.fr\/wp\/wp-content\/uploads\/2021\/10\/ECRIT69_Selection_MOOC.pdf\" target=\"_blank\" rel=\"noopener\"><img loading=\"lazy\" decoding=\"async\" class=\"aligncenter\" src=\"https:\/\/parlera.fr\/wp\/wp-content\/uploads\/2021\/03\/corona-5006277_1920-300x188.jpg\" alt=\"\" width=\"178\" height=\"112\" \/><\/a><\/td>\n<\/tr>\n<tr>\n<td style=\"text-align: center;\" width=\"342\"><span style=\"font-size: 16px;\"><strong><a href=\"https:\/\/parlera.fr\/wp\/wp-content\/uploads\/2023\/11\/23_ECRIT69_Selection_SitesInternet.pdf\" target=\"_blank\" rel=\"noopener\">SITES INTERNET<\/a><\/strong><\/span><\/td>\n<td style=\"text-align: center;\" width=\"342\"><span style=\"font-size: 16px;\"><strong><a href=\"https:\/\/parlera.fr\/wp\/wp-content\/uploads\/2023\/11\/23_ECRIT69_Selection_Applications.pdf\" target=\"_blank\" rel=\"noopener\">APPLICATIONS<\/a><\/strong><\/span><\/td>\n<td style=\"text-align: center;\" width=\"342\"><span style=\"font-size: 15px;\"><strong><a href=\"https:\/\/parlera.fr\/wp\/wp-content\/uploads\/2023\/11\/23_ECRIT69_Selection_MOOC.pdf\" target=\"_blank\" rel=\"noopener\"><span style=\"font-size: 16px;\">MOOC<\/span><\/a><\/strong><\/span><\/td>\n<\/tr>\n<tr>\n<td style=\"text-align: center;\" width=\"342\"><strong>S\u00e9lection de sites internet<\/strong><br \/>\nadapt\u00e9s pour les publics FLE :<br \/>\n&#8211; apprenant le fran\u00e7ais comme une langue \u00e9trang\u00e8re<br \/>\n&#8211; souhaitant enrichir son vocabulaire, travailler la compr\u00e9hension orale&#8230;<br \/>\n&#8211; souhaitant se pr\u00e9parer \u00e0 certaines certifications (DELF, TCF)<\/td>\n<td style=\"text-align: center;\" width=\"342\"><strong>S\u00e9lection d&#8217;applications<br \/>\n<\/strong>adapt\u00e9es pour :<br \/>\n&#8211; les publics &#8220;alpha&#8221;, peu lecteurs\/scripteurs<br \/>\n&#8211; les publics &#8220;FLE&#8221;<br \/>\n&#8211; les publics en difficult\u00e9 avec les comp\u00e9tences de base (\u00e9criture, calcul, code de la route&#8230;)<\/td>\n<td style=\"text-align: center;\" width=\"342\"><strong>S\u00e9lection de MOOC<\/strong> (cours \u00e0 distance)<br \/>\nadapt\u00e9s pour :<br \/>\n&#8211; les publics &#8220;FLE&#8221;, niveaux d\u00e9butant A1 \/ \u00e9l\u00e9mentaire A2 \/ interm\u00e9diaire B1<br \/>\n&#8211; les publics &#8220;FLE&#8221; de niveau au moins A2, souhaitant travailler en France (vocabulaire m\u00e9tier)<br \/>\n&#8211; les publics souhaitant comprendre les valeurs de la R\u00e9publique Fran\u00e7aise<\/td>\n<\/tr>\n<tr>\n<td width=\"342\"><\/td>\n<td style=\"text-align: center;\" width=\"342\"><em>Mises \u00e0 jour pr\u00e9vues \u00e0 l&#8217;automne 2024<\/em><\/td>\n<td width=\"342\"><\/td>\n<\/tr>\n<\/tbody>\n<\/table>\n<p>&nbsp;<\/p>\n<p style=\"text-align: center;\">&gt;\u00a0<a title=\"ECRIT69\" href=\"https:\/\/parlera.fr\/wp\/les-centres-ressources\/cri-69\/\">RETOUR A LA PAGE AFI\/ECRIT69<\/a><\/p>\n","protected":false},"excerpt":{"rendered":"<p>Vous \u00eates formateur ou animateur, salari\u00e9 ou b\u00e9n\u00e9vole ? Vous intervenez dans un organisme de formation ou dans une association portant un atelier sociolinguistique ? Vous animez des ateliers de &hellip;<\/p>\n","protected":false},"author":24,"featured_media":0,"parent":24,"menu_order":0,"comment_status":"closed","ping_status":"closed","template":"","meta":{"_mi_skip_tracking":false,"footnotes":""},"class_list":["post-4656","page","type-page","status-publish","hentry"],"jetpack_shortlink":"https:\/\/wp.me\/P5C1Zr-1d6","jetpack_sharing_enabled":true,"_links":{"self":[{"href":"https:\/\/parlera.fr\/wp\/wp-json\/wp\/v2\/pages\/4656","targetHints":{"allow":["GET"]}}],"collection":[{"href":"https:\/\/parlera.fr\/wp\/wp-json\/wp\/v2\/pages"}],"about":[{"href":"https:\/\/parlera.fr\/wp\/wp-json\/wp\/v2\/types\/page"}],"author":[{"embeddable":true,"href":"https:\/\/parlera.fr\/wp\/wp-json\/wp\/v2\/users\/24"}],"replies":[{"embeddable":true,"href":"https:\/\/parlera.fr\/wp\/wp-json\/wp\/v2\/comments?post=4656"}],"version-history":[{"count":23,"href":"https:\/\/parlera.fr\/wp\/wp-json\/wp\/v2\/pages\/4656\/revisions"}],"predecessor-version":[{"id":22629,"href":"https:\/\/parlera.fr\/wp\/wp-json\/wp\/v2\/pages\/4656\/revisions\/22629"}],"up":[{"embeddable":true,"href":"https:\/\/parlera.fr\/wp\/wp-json\/wp\/v2\/pages\/24"}],"wp:attachment":[{"href":"https:\/\/parlera.fr\/wp\/wp-json\/wp\/v2\/media?parent=4656"}],"curies":[{"name":"wp","href":"https:\/\/api.w.org\/{rel}","templated":true}]}}