{"id":5378,"date":"2016-06-27T14:04:11","date_gmt":"2016-06-27T13:04:11","guid":{"rendered":"https:\/\/parlera.fr\/wp\/?page_id=5378"},"modified":"2021-01-21T10:57:34","modified_gmt":"2021-01-21T09:57:34","slug":"sengager-comme-benevole-dans-asl-mon-association-recherche-des-benevoles","status":"publish","type":"page","link":"https:\/\/parlera.fr\/wp\/les-centres-ressources\/cri-69\/offres-emploi-et-benevolat\/sengager-comme-benevole-dans-asl-mon-association-recherche-des-benevoles\/","title":{"rendered":"S\u2019engager comme b\u00e9n\u00e9vole au sein d\u2019un atelier de fran\u00e7ais pour apprenants adultes"},"content":{"rendered":"<p style=\"text-align: center;\">Vous souhaitez aider des personnes dans l\u2019apprentissage de la langue fran\u00e7aise, ou les accompagner dans leur projet de remise \u00e0 niveau\u00a0?<br \/>\nNous pouvons vous mettre en relation avec des associations proposant des ateliers de fran\u00e7ais.<\/p>\n<p style=\"text-align: center;\">Consultez les offres de b\u00e9n\u00e9volat sur notre page <a href=\"https:\/\/parlera.fr\/wp\/les-centres-ressources\/cri-69\/offres-emploi-et-benevolat\/\" target=\"_blank\" rel=\"noopener\">Offres d&#8217;emploi et de b\u00e9n\u00e9volat<\/a>\u00a0<img loading=\"lazy\" decoding=\"async\" class=\"alignnone wp-image-6907\" src=\"https:\/\/parlera.fr\/wp\/wp-content\/uploads\/2017\/01\/f29933_32x32.gif\" alt=\"\" width=\"15\" height=\"15\" \/><br \/>\nContactez-nous au<strong> 09 52 82 44 69<\/strong> ou par mail sur <a href=\"mailto:contact@afi3.fr\" target=\"_blank\" rel=\"noopener noreferrer\">contact@afi3.fr<\/a><strong><br \/>\n<\/strong>Vous pouvez \u00e9galement consulter les offres de sites d\u00e9di\u00e9s au b\u00e9n\u00e9volat comme\u00a0:<br \/>\n<a href=\"http:\/\/www.crijrhonealpes.fr\/france\/BENEVOLAT\/annonce\/Benevolat--Volontariat.html\/typeid-4\" target=\"_blank\" rel=\"noopener noreferrer\">le CRIJ<\/a>\u00a0<img loading=\"lazy\" decoding=\"async\" class=\"alignnone wp-image-6907\" src=\"https:\/\/parlera.fr\/wp\/wp-content\/uploads\/2017\/01\/f29933_32x32.gif\" alt=\"\" width=\"15\" height=\"15\" \/>\u00a0| \u00a0<a href=\"https:\/\/www.francebenevolat.org\/benevoles\" target=\"_blank\" rel=\"noopener noreferrer\">B\u00e9n\u00e9volat Lyon Rh\u00f4ne<\/a>\u00a0<img loading=\"lazy\" decoding=\"async\" class=\"alignnone wp-image-6907\" src=\"https:\/\/parlera.fr\/wp\/wp-content\/uploads\/2017\/01\/f29933_32x32.gif\" alt=\"\" width=\"15\" height=\"15\" \/><\/p>\n<p>&nbsp;<\/p>\n<p>Les ateliers de fran\u00e7ais existent sous diff\u00e9rentes appellations : ateliers de fran\u00e7ais, cours de fran\u00e7ais, ateliers sociolinguistiques (ASL)&#8230;<br \/>\nDans tous les cas, il s\u2019agit ici d\u2019apprenants adultes. On distinguera donc les ateliers de fran\u00e7ais et les ateliers d\u2019aide aux devoirs. Ce sont deux types de b\u00e9n\u00e9volat bien diff\u00e9rents.<br \/>\n\u2013 Pour en savoir plus sur les\u00a0<a href=\"https:\/\/parlera.fr\/wp\/wp-content\/uploads\/2020\/02\/FR_2020_ASL.pdf\" target=\"_blank\" rel=\"noopener noreferrer\">ASL \u2013 Actions Sociolinguistiques\u00a0<\/a><img loading=\"lazy\" decoding=\"async\" class=\"alignnone wp-image-6907\" src=\"https:\/\/parlera.fr\/wp\/wp-content\/uploads\/2017\/01\/f29933_32x32.gif\" alt=\"\" width=\"15\" height=\"15\" \/><\/p>\n<p>&nbsp;<\/p>\n<p><span style=\"color: #000080;\"><strong>ETRE B\u00c9N\u00c9VOLE, C&#8217;EST&#8230;<\/strong><\/span><br \/>\n\u2013 Se mettre au service d\u2019une cause qui vous tient \u00e0 c\u0153ur,<br \/>\n\u2013 Partager avec d\u2019autres b\u00e9n\u00e9voles la r\u00e9alisation d\u2019un projet associatif,<br \/>\n\u2013 Valoriser votre savoir-faire, vos comp\u00e9tences\u2026<\/p>\n<p><strong><span style=\"color: #000080;\"><br \/>\nR\u00d4LE DU B\u00c9N\u00c9VOLE DANS UN ATELIER DE FRAN\u00c7AIS<\/span><\/strong><br \/>\nLe r\u00f4le du b\u00e9n\u00e9vole varie d\u2019une association \u00e0 l\u2019autre. Le b\u00e9n\u00e9vole peut prendre en charge de mani\u00e8re autonome un groupe d\u2019apprenants ou \u00eatre en appuis \u00e0 un formateur professionnel.<br \/>\nEst-il n\u00e9cessaire d\u2019avoir \u00e9t\u00e9 enseignant en fran\u00e7ais pour devenir b\u00e9n\u00e9vole dans un atelier de fran\u00e7ais\u00a0? Absolument pas\u00a0! Votre motivation et votre croyance aux enjeux de l\u2019int\u00e9gration par l\u2019apprentissage de la langue seront les \u00e9l\u00e9ments cl\u00e9 de votre investissement. Il vous sera demand\u00e9 des qualit\u00e9s d\u2019\u00e9coute et d\u2019adaptation au public.<br \/>\nLes ateliers de fran\u00e7ais sont aussi des occasions de socialisation par la mise en \u0153uvre d\u2019autres activit\u00e9s en fran\u00e7ais (comme des sorties pour apprendre le fran\u00e7ais autrement).<\/p>\n<p><strong><span style=\"color: #000080;\"><br \/>\nNOUVEAU B\u00c9N\u00c9VOLE ? VOUS AVEZ LA POSSIBILIT\u00c9\u00a0D\u2019\u00caTRE\u00a0ACCOMPAGN\u00c9\u00a0DANS VOTRE PRATIQUE<\/span><br \/>\n<\/strong>\u2013 par l\u2019interm\u00e9diaire de l\u2019association o\u00f9 vous intervenez<br \/>\n\u2013 en participant \u00e0 des <a href=\"https:\/\/parlera.fr\/wp\/les-centres-ressources\/cri-69\/animations-formations-decrit69\/\" target=\"_blank\" rel=\"noopener noreferrer\">cycles de sensibilisation et qualification<\/a>\u00a0<img loading=\"lazy\" decoding=\"async\" class=\"alignnone wp-image-6907\" src=\"https:\/\/parlera.fr\/wp\/wp-content\/uploads\/2017\/01\/f29933_32x32.gif\" alt=\"\" width=\"15\" height=\"15\" \/>. Chaque rentr\u00e9e, le Centre Ressources AFI\/ECRIT69 propose notamment <span style=\"color: #000000;\">un\u00a0kit de sensibilisations\u00a0\u00e0 destination des nouveaux b\u00e9n\u00e9voles.<\/span><\/p>\n<p>&nbsp;<\/p>\n<p style=\"text-align: center;\">&gt;\u00a0<a title=\"ECRIT69\" href=\"https:\/\/parlera.fr\/wp\/les-centres-ressources\/cri-69\/\">RETOUR A LA PAGE AFI\/ECRIT69<\/a> &lt;<\/p>\n","protected":false},"excerpt":{"rendered":"<p>Vous souhaitez aider des personnes dans l\u2019apprentissage de la langue fran\u00e7aise, ou les accompagner dans leur projet de remise \u00e0 niveau\u00a0? Nous pouvons vous mettre en relation avec des associations &hellip;<\/p>\n","protected":false},"author":24,"featured_media":0,"parent":5383,"menu_order":0,"comment_status":"closed","ping_status":"closed","template":"","meta":{"_mi_skip_tracking":false,"footnotes":""},"class_list":["post-5378","page","type-page","status-publish","hentry"],"jetpack_shortlink":"https:\/\/wp.me\/P5C1Zr-1oK","jetpack_sharing_enabled":true,"_links":{"self":[{"href":"https:\/\/parlera.fr\/wp\/wp-json\/wp\/v2\/pages\/5378","targetHints":{"allow":["GET"]}}],"collection":[{"href":"https:\/\/parlera.fr\/wp\/wp-json\/wp\/v2\/pages"}],"about":[{"href":"https:\/\/parlera.fr\/wp\/wp-json\/wp\/v2\/types\/page"}],"author":[{"embeddable":true,"href":"https:\/\/parlera.fr\/wp\/wp-json\/wp\/v2\/users\/24"}],"replies":[{"embeddable":true,"href":"https:\/\/parlera.fr\/wp\/wp-json\/wp\/v2\/comments?post=5378"}],"version-history":[{"count":5,"href":"https:\/\/parlera.fr\/wp\/wp-json\/wp\/v2\/pages\/5378\/revisions"}],"predecessor-version":[{"id":14901,"href":"https:\/\/parlera.fr\/wp\/wp-json\/wp\/v2\/pages\/5378\/revisions\/14901"}],"up":[{"embeddable":true,"href":"https:\/\/parlera.fr\/wp\/wp-json\/wp\/v2\/pages\/5383"}],"wp:attachment":[{"href":"https:\/\/parlera.fr\/wp\/wp-json\/wp\/v2\/media?parent=5378"}],"curies":[{"name":"wp","href":"https:\/\/api.w.org\/{rel}","templated":true}]}}