{"id":5602,"date":"2023-01-05T08:48:25","date_gmt":"2023-01-05T07:48:25","guid":{"rendered":"https:\/\/parlera.fr\/wp\/?page_id=5602"},"modified":"2024-08-01T08:47:04","modified_gmt":"2024-08-01T07:47:04","slug":"programme-semestriel","status":"publish","type":"page","link":"https:\/\/parlera.fr\/wp\/les-centres-ressources\/cri-69\/animations-accompagnements\/programme-semestriel\/","title":{"rendered":"&#x2666; Programme des sensibilisations &#8211; 1e semestre 2024"},"content":{"rendered":"<p><span style=\"font-size: 14px; font-family: tahoma, arial, helvetica, sans-serif;\">Dans le cadre de ses missions, l&#8217;\u00e9quipe du centre ressources AFI\/ECRIT69 propose des sensibilisations, des temps d&#8217;accompagnement des pratiques, \u00e0 l\u2019attention de :<\/span><\/p>\n<ul>\n<li><span style=\"font-size: 14px; font-family: tahoma, arial, helvetica, sans-serif;\"><strong>Formateurs professionnels<\/strong> intervenant en organisme de formation, associations, centre de formation des apprentis, \u00e9coles de la 2\u00e8me Chance, EPIDE&#8230;<\/span><\/li>\n<li><span style=\"font-size: 14px; font-family: tahoma, arial, helvetica, sans-serif;\"><strong>Animateurs b\u00e9n\u00e9voles<\/strong> intervenant dans une association portant un Atelier Sociolinguistique (ASL)<\/span><\/li>\n<li><span style=\"font-family: tahoma, arial, helvetica, sans-serif; font-size: 14px;\"><strong>Travailleurs\u00a0sociaux<\/strong>, charg\u00e9s d&#8217;insertion socioprofessionnelle, r\u00e9f\u00e9rents de parcours P\u00f4le Emploi, Mission Locale, assistants sociaux, conseillers\u00a0num\u00e9riques&#8230;<\/span><\/li>\n<\/ul>\n<p><span style=\"font-size: 14px; font-family: tahoma, arial, helvetica, sans-serif;\">\u21d2 En contact ou intervenant aupr\u00e8s de publics pouvant \u00eatre en situation d\u2019illettrisme, en grande difficult\u00e9 avec les savoirs\u00a0de base,\u00a0d\u2019origine \u00e9trang\u00e8re en apprentissage du fran\u00e7ais&#8230;<\/span><\/p>\n<p><span style=\"font-size: 14px; font-family: tahoma, arial, helvetica, sans-serif;\">\u21d2 Souhaitant \u00eatre outill\u00e9s dans leurs pratiques, et r\u00e9fl\u00e9chir aux moyens de mieux accompagner ces publics.<\/span><\/p>\n<p style=\"text-align: center;\"><span style=\"font-size: 14px; font-family: tahoma, arial, helvetica, sans-serif;\"><br \/>\n<span style=\"font-size: 16px;\"><strong>Le programme du 2e semestre est arriv\u00e9 !\u00a0<\/strong><\/span><\/span><\/p>\n<div style=\"width: 100%;\">\n<div style=\"position: relative; padding-bottom: 100%; padding-top: 0; height: 0;\"><iframe loading=\"lazy\" style=\"position: absolute; top: 0; left: 0; width: 100%; height: 100%;\" title=\"2024_S2_programme Ecrit69\" src=\"https:\/\/view.genially.com\/66a7505fa45f5900a7b4c69b\" width=\"800\" height=\"800\" frameborder=\"0\" scrolling=\"yes\" allowfullscreen=\"allowfullscreen\"><\/iframe><\/div>\n<\/div>\n<p>&nbsp;<\/p>\n<div style=\"width: 100%;\">\n<p style=\"text-align: center;\"><strong><span style=\"font-size: 14px; font-family: tahoma, arial, helvetica, sans-serif;\">\u2192 Pour toute question relative au programme, contactez-nous : <a style=\"text-indent: 0em;\" href=\"mailto:ecrit69@afi3.fr\" target=\"_blank\" rel=\"noopener\">ecrit69@afi3.fr<\/a><\/span><\/strong><\/p>\n<p>&nbsp;<\/p>\n<div style=\"width: 100%;\">\n<div style=\"position: relative; padding-bottom: 56.25%; padding-top: 0; height: 0;\"><iframe loading=\"lazy\" style=\"position: absolute; top: 0; left: 0; width: 100%; height: 100%;\" title=\"INFOS PRATIQUES ECRIT69\" src=\"https:\/\/view.genial.ly\/63c8032daafbec001a7b4730\" width=\"1200\" height=\"675\" frameborder=\"0\" scrolling=\"yes\" allowfullscreen=\"allowfullscreen\"><\/iframe><\/div>\n<\/div>\n<p>&nbsp;<\/p>\n<p style=\"text-align: center;\"><span style=\"font-family: tahoma, arial, helvetica, sans-serif; font-size: 14px;\"><em><img loading=\"lazy\" decoding=\"async\" class=\"size-full wp-image-8881 alignleft\" src=\"https:\/\/parlera.fr\/wp\/wp-content\/uploads\/2016\/09\/Etat.gif\" alt=\"\" width=\"110\" height=\"64\" \/> <img loading=\"lazy\" decoding=\"async\" class=\"wp-image-5745 alignright\" src=\"https:\/\/parlera.fr\/wp\/wp-content\/uploads\/2016\/10\/logo-ARA-2016-300x139.jpg\" alt=\"\" width=\"136\" height=\"63\" srcset=\"https:\/\/parlera.fr\/wp\/wp-content\/uploads\/2016\/10\/logo-ARA-2016-300x139.jpg 300w, https:\/\/parlera.fr\/wp\/wp-content\/uploads\/2016\/10\/logo-ARA-2016-150x69.jpg 150w, https:\/\/parlera.fr\/wp\/wp-content\/uploads\/2016\/10\/logo-ARA-2016-768x355.jpg 768w, https:\/\/parlera.fr\/wp\/wp-content\/uploads\/2016\/10\/logo-ARA-2016-1024x473.jpg 1024w, https:\/\/parlera.fr\/wp\/wp-content\/uploads\/2016\/10\/logo-ARA-2016-216x100.jpg 216w, https:\/\/parlera.fr\/wp\/wp-content\/uploads\/2016\/10\/logo-ARA-2016-1200x554.jpg 1200w\" sizes=\"auto, (max-width: 136px) 100vw, 136px\" \/><br \/>\nCes sensibilisations sont cofinanc\u00e9es par<br \/>\nla R\u00e9gion Auvergne-Rh\u00f4ne-Alpes et la Pr\u00e9fecture du Rh\u00f4ne<\/em><\/span><\/p>\n<p>&nbsp;<\/p>\n<p style=\"text-align: center;\"><span style=\"font-family: tahoma, arial, helvetica, sans-serif; font-size: 14px;\">&gt; <a href=\"https:\/\/parlera.fr\/wp\/les-centres-ressources\/cri-69\/animations-accompagnements\/\">RETOUR A LA PAGE SENSIBILISATIONS, ACCOMPAGNEMENTS DES PRATIQUES \/ ECRIT69<\/a><\/span><br \/>\n<span style=\"font-family: tahoma, arial, helvetica, sans-serif; font-size: 14px;\">&gt;\u00a0<a href=\"https:\/\/parlera.fr\/wp\/les-centres-ressources\/cri-69\/\">RETOUR A LA PAGE AFI\/ECRIT69<\/a><\/span><\/p>\n<p>&nbsp;<\/p>\n<\/div>\n","protected":false},"excerpt":{"rendered":"<p>Dans le cadre de ses missions, l&#8217;\u00e9quipe du centre ressources AFI\/ECRIT69 propose des sensibilisations, des temps d&#8217;accompagnement des pratiques, \u00e0 l\u2019attention de : Formateurs professionnels intervenant en organisme de formation, &hellip;<\/p>\n","protected":false},"author":24,"featured_media":0,"parent":8724,"menu_order":0,"comment_status":"closed","ping_status":"closed","template":"","meta":{"_mi_skip_tracking":false,"footnotes":""},"class_list":["post-5602","page","type-page","status-publish","hentry"],"jetpack_shortlink":"https:\/\/wp.me\/P5C1Zr-1sm","jetpack_sharing_enabled":true,"_links":{"self":[{"href":"https:\/\/parlera.fr\/wp\/wp-json\/wp\/v2\/pages\/5602","targetHints":{"allow":["GET"]}}],"collection":[{"href":"https:\/\/parlera.fr\/wp\/wp-json\/wp\/v2\/pages"}],"about":[{"href":"https:\/\/parlera.fr\/wp\/wp-json\/wp\/v2\/types\/page"}],"author":[{"embeddable":true,"href":"https:\/\/parlera.fr\/wp\/wp-json\/wp\/v2\/users\/24"}],"replies":[{"embeddable":true,"href":"https:\/\/parlera.fr\/wp\/wp-json\/wp\/v2\/comments?post=5602"}],"version-history":[{"count":49,"href":"https:\/\/parlera.fr\/wp\/wp-json\/wp\/v2\/pages\/5602\/revisions"}],"predecessor-version":[{"id":22274,"href":"https:\/\/parlera.fr\/wp\/wp-json\/wp\/v2\/pages\/5602\/revisions\/22274"}],"up":[{"embeddable":true,"href":"https:\/\/parlera.fr\/wp\/wp-json\/wp\/v2\/pages\/8724"}],"wp:attachment":[{"href":"https:\/\/parlera.fr\/wp\/wp-json\/wp\/v2\/media?parent=5602"}],"curies":[{"name":"wp","href":"https:\/\/api.w.org\/{rel}","templated":true}]}}