{"id":8878,"date":"2026-01-31T09:16:28","date_gmt":"2026-01-31T08:16:28","guid":{"rendered":"https:\/\/parlera.fr\/wp\/?page_id=8878"},"modified":"2026-02-24T17:49:12","modified_gmt":"2026-02-24T16:49:12","slug":"missions-decrit69","status":"publish","type":"page","link":"https:\/\/parlera.fr\/wp\/les-centres-ressources\/cri-69\/missions-decrit69\/","title":{"rendered":"Missions d&#8217;ECRIT69"},"content":{"rendered":"<p><em><img loading=\"lazy\" decoding=\"async\" class=\"wp-image-4603 alignleft\" src=\"https:\/\/parlera.fr\/wp\/wp-content\/uploads\/2015\/06\/PLP9-discussion-couleur-184x300.png\" sizes=\"auto, (max-width: 132px) 100vw, 132px\" srcset=\"https:\/\/parlera.fr\/wp\/wp-content\/uploads\/2015\/06\/PLP9-discussion-couleur-184x300.png 184w, https:\/\/parlera.fr\/wp\/wp-content\/uploads\/2015\/06\/PLP9-discussion-couleur-92x150.png 92w, https:\/\/parlera.fr\/wp\/wp-content\/uploads\/2015\/06\/PLP9-discussion-couleur-61x100.png 61w, https:\/\/parlera.fr\/wp\/wp-content\/uploads\/2015\/06\/PLP9-discussion-couleur-247x400.png 247w, https:\/\/parlera.fr\/wp\/wp-content\/uploads\/2015\/06\/PLP9-discussion-couleur.png 352w\" alt=\"\" width=\"132\" height=\"215\" \/><\/em><\/p>\n<p>Le<strong> Centre Ressources AFI\/ECRIT69\u00a0<\/strong>r\u00e9pond aux besoins d\u2019information, de sensibilisation, de mise en r\u00e9seau et d\u2019accompagnement des acteurs du Rh\u00f4ne\u00a0sur le sujet de l\u2019acc\u00e8s aux comp\u00e9tences de\u00a0base ou \u00e0 l\u2019apprentissage du fran\u00e7ais.<\/p>\n<p>Ces acteurs sont par exemple des associations, des organismes de formation, des acteurs de l\u2019accompagnement social ou de l\u2019emploi-insertion, des services de l\u2019Etat ou des collectivit\u00e9s territoriales, des m\u00e9diath\u00e8ques, des conseillers num\u00e9riques\u2026<\/p>\n<p>L\u2019association AFI (Association\u00a0Formation et\u00a0Ing\u00e9nierie) porte 3 Centres Ressources Illettrisme dans la r\u00e9gion Auvergne-Rh\u00f4ne-Alpes : ECRIT01, ECRIT42 et\u00a0ECRIT69. L\u2019association compte 11 salari\u00e9s dont 1 directrice commune \u00e0 l\u2019Ain, la Loire et le Rh\u00f4ne. L\u2019\u00e9quipe du Rh\u00f4ne est compos\u00e9e de 6 conseill\u00e8res techniques.<\/p>\n<blockquote>\n<p style=\"text-align: center;\"><a href=\"https:\/\/parlera.fr\/wp\/wp-content\/uploads\/2026\/02\/Missions-ECRIT69-2026.pdf\" target=\"_blank\" rel=\"noopener\"><span style=\"font-size: 18px;\"><strong>Les MISSIONS du centre ressources AFI\/ECRIT69<\/strong><\/span><\/a><\/p>\n<p>&nbsp;<\/p><\/blockquote>\n<div style=\"width: 100%;\">\n<div style=\"position: relative; padding-bottom: 56.25%; padding-top: 0; height: 0;\"><iframe loading=\"lazy\" style=\"position: absolute; top: 0; left: 0; width: 100%; height: 100%;\" title=\"INFOS PRATIQUES ECRIT69\" src=\"https:\/\/view.genial.ly\/63c8032daafbec001a7b4730\" width=\"1200\" height=\"675\" frameborder=\"0\" scrolling=\"yes\" allowfullscreen=\"allowfullscreen\"><\/iframe><\/div>\n<\/div>\n<p>&nbsp;<\/p>\n<p style=\"text-align: center;\">&gt;\u00a0<a title=\"ECRIT69\" href=\"https:\/\/parlera.fr\/wp\/les-centres-ressources\/cri-69\/\">RETOUR A LA PAGE AFI\/ECRIT69<\/a><\/p>\n","protected":false},"excerpt":{"rendered":"<p>Le Centre Ressources AFI\/ECRIT69\u00a0r\u00e9pond aux besoins d\u2019information, de sensibilisation, de mise en r\u00e9seau et d\u2019accompagnement des acteurs du Rh\u00f4ne\u00a0sur le sujet de l\u2019acc\u00e8s aux comp\u00e9tences de\u00a0base ou \u00e0 l\u2019apprentissage du &hellip;<\/p>\n","protected":false},"author":24,"featured_media":0,"parent":24,"menu_order":0,"comment_status":"closed","ping_status":"closed","template":"","meta":{"_mi_skip_tracking":false,"footnotes":""},"class_list":["post-8878","page","type-page","status-publish","hentry"],"jetpack_shortlink":"https:\/\/wp.me\/P5C1Zr-2jc","jetpack_sharing_enabled":true,"_links":{"self":[{"href":"https:\/\/parlera.fr\/wp\/wp-json\/wp\/v2\/pages\/8878","targetHints":{"allow":["GET"]}}],"collection":[{"href":"https:\/\/parlera.fr\/wp\/wp-json\/wp\/v2\/pages"}],"about":[{"href":"https:\/\/parlera.fr\/wp\/wp-json\/wp\/v2\/types\/page"}],"author":[{"embeddable":true,"href":"https:\/\/parlera.fr\/wp\/wp-json\/wp\/v2\/users\/24"}],"replies":[{"embeddable":true,"href":"https:\/\/parlera.fr\/wp\/wp-json\/wp\/v2\/comments?post=8878"}],"version-history":[{"count":7,"href":"https:\/\/parlera.fr\/wp\/wp-json\/wp\/v2\/pages\/8878\/revisions"}],"predecessor-version":[{"id":23568,"href":"https:\/\/parlera.fr\/wp\/wp-json\/wp\/v2\/pages\/8878\/revisions\/23568"}],"up":[{"embeddable":true,"href":"https:\/\/parlera.fr\/wp\/wp-json\/wp\/v2\/pages\/24"}],"wp:attachment":[{"href":"https:\/\/parlera.fr\/wp\/wp-json\/wp\/v2\/media?parent=8878"}],"curies":[{"name":"wp","href":"https:\/\/api.w.org\/{rel}","templated":true}]}}