{"id":8908,"date":"2022-12-26T10:18:55","date_gmt":"2022-12-26T09:18:55","guid":{"rendered":"https:\/\/parlera.fr\/wp\/?page_id=8908"},"modified":"2023-11-13T11:37:26","modified_gmt":"2023-11-13T10:37:26","slug":"didactiser-videos","status":"publish","type":"page","link":"https:\/\/parlera.fr\/wp\/les-centres-ressources\/cri-69\/orientation\/plp-sol\/didactiser-videos\/","title":{"rendered":"[Accompagnement par la PLP SOL] \u2013 Didactiser et exploiter des vid\u00e9os"},"content":{"rendered":"<p><span style=\"font-family: tahoma, arial, helvetica, sans-serif; font-size: 16px;\">Vous cherchez \u00e0 (mieux) utiliser des supports vid\u00e9o dans le cadre de vos ateliers ?<\/span><\/p>\n<p><span style=\"font-family: tahoma, arial, helvetica, sans-serif; font-size: 14px;\"><strong><span style=\"font-size: 16px;\">Fran\u00e7ais Professionnel : exploiter les vid\u00e9os de la Famille Dejobs<span style=\"background-color: #ffcc00;\"><br \/>\n<\/span><i><\/i><\/span><\/strong><\/span><\/p>\n<p><span style=\"font-family: tahoma, arial, helvetica, sans-serif; font-size: 14px;\"><span style=\"text-indent: 0em;\">L\u2019association Sud-Ouest Emploi a cr\u00e9\u00e9 la S\u00e9rie La Famille Dejobs dont l\u2019objectif est de valoriser les m\u00e9tiers en tension et de mobiliser les publics.<\/span><strong><span style=\"background-color: #ffcc00;\"><i><img loading=\"lazy\" decoding=\"async\" class=\" wp-image-16825 alignright\" src=\"https:\/\/parlera.fr\/wp\/wp-content\/uploads\/2021\/04\/Capture-d\u2019\u00e9cran-2021-03-30-\u00e0-12.43.56-300x161.png\" alt=\"\" width=\"227\" height=\"122\" srcset=\"https:\/\/parlera.fr\/wp\/wp-content\/uploads\/2021\/04\/Capture-d\u2019\u00e9cran-2021-03-30-\u00e0-12.43.56-300x161.png 300w, https:\/\/parlera.fr\/wp\/wp-content\/uploads\/2021\/04\/Capture-d\u2019\u00e9cran-2021-03-30-\u00e0-12.43.56-150x81.png 150w, https:\/\/parlera.fr\/wp\/wp-content\/uploads\/2021\/04\/Capture-d\u2019\u00e9cran-2021-03-30-\u00e0-12.43.56-768x413.png 768w, https:\/\/parlera.fr\/wp\/wp-content\/uploads\/2021\/04\/Capture-d\u2019\u00e9cran-2021-03-30-\u00e0-12.43.56-1024x551.png 1024w, https:\/\/parlera.fr\/wp\/wp-content\/uploads\/2021\/04\/Capture-d\u2019\u00e9cran-2021-03-30-\u00e0-12.43.56-186x100.png 186w, https:\/\/parlera.fr\/wp\/wp-content\/uploads\/2021\/04\/Capture-d\u2019\u00e9cran-2021-03-30-\u00e0-12.43.56.png 1416w\" sizes=\"auto, (max-width: 227px) 100vw, 227px\" \/><\/i><\/span><\/strong><\/span><\/p>\n<p><span style=\"font-family: tahoma, arial, helvetica, sans-serif; font-size: 14px;\">Compos\u00e9e de 6 \u00e9pisodes compl\u00e9t\u00e9s par un <a href=\"https:\/\/lafamilledejobs.com\/\">site Internet<\/a> (ressources sur les membres de la famille, informations compl\u00e9mentaires sur les domaines professionnels travaill\u00e9s), cette collection est un support riche pour travailler avec des personnes allophones\u00a0en d\u00e9but de parcours d\u2019insertion.<\/span><\/p>\n<p><span style=\"font-family: tahoma, arial, helvetica, sans-serif; font-size: 14px;\">AFI\/ECRIT69, dans le cadre de la plateforme linguistique du sud-ouest lyonnais, a travaill\u00e9 \u00e0 l&#8217;exploitation de certaines de ces\u00a0vid\u00e9os, pour une prise en main dans des ateliers d&#8217;apprentissage du fran\u00e7ais :<\/span><\/p>\n<ul>\n<li><span style=\"font-family: tahoma, arial, helvetica, sans-serif; font-size: 14px;\"><a href=\"https:\/\/parlera.fr\/wp\/wp-content\/uploads\/2021\/04\/Dejobs_1_m\u00e9thodologie.pdf\" target=\"_blank\" rel=\"noopener\">La famille Dejobs: M\u00e9thodologie<\/a><\/span><\/li>\n<li><span style=\"font-family: tahoma, arial, helvetica, sans-serif; font-size: 14px;\"><a href=\"https:\/\/parlera.fr\/wp\/wp-content\/uploads\/2021\/04\/Dejobs_2_Qui-est-ce.pdf\" target=\"_blank\" rel=\"noopener\">La famille Dejobs: Qui-est-ce?<\/a><\/span><\/li>\n<li><span style=\"font-family: tahoma, arial, helvetica, sans-serif; font-size: 14px;\"><a href=\"https:\/\/parlera.fr\/wp\/wp-content\/uploads\/2021\/04\/Dejobs_3_Format-serie.pdf\" target=\"_blank\" rel=\"noopener\">La famille Dejobs : Format s\u00e9rie<\/a><\/span><\/li>\n<li><span style=\"font-family: tahoma, arial, helvetica, sans-serif; font-size: 14px;\"><a href=\"https:\/\/parlera.fr\/wp\/wp-content\/uploads\/2021\/04\/Dejobs_4_metiers.pdf\" target=\"_blank\" rel=\"noopener\">La famille Dejobs : M\u00e9tiers<\/a><i><br \/>\n<\/i><\/span><\/li>\n<\/ul>\n<p><span style=\"background-color: #ffcc00;\"><img loading=\"lazy\" decoding=\"async\" class=\"wp-image-16818 alignright\" src=\"https:\/\/parlera.fr\/wp\/wp-content\/uploads\/2021\/04\/youtube-5000699_1280-300x300.png\" alt=\"\" width=\"166\" height=\"166\" srcset=\"https:\/\/parlera.fr\/wp\/wp-content\/uploads\/2021\/04\/youtube-5000699_1280-300x300.png 300w, https:\/\/parlera.fr\/wp\/wp-content\/uploads\/2021\/04\/youtube-5000699_1280-150x150.png 150w, https:\/\/parlera.fr\/wp\/wp-content\/uploads\/2021\/04\/youtube-5000699_1280-768x768.png 768w, https:\/\/parlera.fr\/wp\/wp-content\/uploads\/2021\/04\/youtube-5000699_1280-1024x1024.png 1024w, https:\/\/parlera.fr\/wp\/wp-content\/uploads\/2021\/04\/youtube-5000699_1280-100x100.png 100w, https:\/\/parlera.fr\/wp\/wp-content\/uploads\/2021\/04\/youtube-5000699_1280.png 1280w\" sizes=\"auto, (max-width: 166px) 100vw, 166px\" \/><\/span><\/p>\n<p><span style=\"font-size: 16px;\"><strong><span style=\"background-color: #ffcc00;\"><span style=\"text-indent: 0em; background-color: #ffffff;\"><span style=\"font-family: tahoma, arial, helvetica, sans-serif;\">Socialisation : didactiser des vid\u00e9os<\/span><\/span><\/span><\/strong><\/span><\/p>\n<p><span style=\"background-color: #ffcc00;\"><span style=\"text-indent: 0em; background-color: #ffffff;\"><span style=\"font-family: tahoma, arial, helvetica, sans-serif;\">Des fiches p\u00e9dagogiques ont \u00e9t\u00e9 cr\u00e9\u00e9es sur 8 vid\u00e9os par les animateurs b\u00e9n\u00e9voles en ASL. Adapt\u00e9es pour des niveaux A1.1 \u00e0 B1, sur des th\u00e9matiques actuelles telles que la sant\u00e9 et le recyclage, ces fiches servent aussi \u00e0 montrer qu&#8217;une vid\u00e9o peut \u00eatre utilis\u00e9e de 1001 fa\u00e7ons et d\u00e9tourn\u00e9e de son objectif premier.<\/span><\/span><\/span><\/p>\n<p><span style=\"font-family: tahoma, arial, helvetica, sans-serif;\"><span style=\"font-size: 14px;\">Les 8 fiches sont \u00e0 votre disposition pour l&#8217;animation de vos ateliers :<\/span><\/span><\/p>\n<ul>\n<li><span style=\"font-family: tahoma, arial, helvetica, sans-serif; font-size: 14px;\"><a href=\"https:\/\/parlera.fr\/wp\/wp-content\/uploads\/2021\/04\/Insomnie_donnees-chiffrees_A1.pdf\" target=\"_blank\" rel=\"noopener\">Vid\u00e9o &#8220;L&#8217;enfer de l&#8217;insomnie&#8221; France 2 &#8211; rep\u00e9rer des donn\u00e9es chiffr\u00e9es A1-A2<\/a><\/span><\/li>\n<li><span style=\"font-family: tahoma, arial, helvetica, sans-serif; font-size: 14px;\"><a href=\"https:\/\/parlera.fr\/wp\/wp-content\/uploads\/2021\/04\/Insomnie_donnees-chiffrees_A2B1.pdf\" target=\"_blank\" rel=\"noopener\">Vid\u00e9o &#8220;L&#8217;enfer de l&#8217;insomnie&#8221; France 2 &#8211; rep\u00e9rer des donn\u00e9es chiffr\u00e9es A2-B1<\/a><\/span><\/li>\n<li><span style=\"font-family: tahoma, arial, helvetica, sans-serif; font-size: 14px;\"><a href=\"https:\/\/parlera.fr\/wp\/wp-content\/uploads\/2021\/04\/Insomnie_negation_A1A2-1.pdf\" target=\"_blank\" rel=\"noopener\">Vid\u00e9o &#8220;L&#8217;enfer de l&#8217;insomnie&#8221; France 2 &#8211; n\u00e9gation A1-A2<\/a><\/span><\/li>\n<li><span style=\"font-family: tahoma, arial, helvetica, sans-serif; font-size: 14px;\"><a href=\"https:\/\/parlera.fr\/wp\/wp-content\/uploads\/2021\/04\/Insomnie_voc_A1A2.pdf\">Vid\u00e9o &#8220;L&#8217;enfer de l&#8217;insomnie&#8221; France 2 &#8211; vocabulaire de la maison A1-A2<\/a><\/span><\/li>\n<li><span style=\"font-family: tahoma, arial, helvetica, sans-serif; font-size: 14px;\"><a href=\"https:\/\/parlera.fr\/wp\/wp-content\/uploads\/2021\/04\/Insomnie_voc_A2B1.pdf\" target=\"_blank\" rel=\"noopener\">Vid\u00e9o &#8220;L&#8217;enfer de l&#8217;insomnie&#8221; France 2 &#8211; vocabulaire du sommeil A2-B1<\/a><\/span><\/li>\n<li><span style=\"font-family: tahoma, arial, helvetica, sans-serif; font-size: 14px;\"><a href=\"https:\/\/parlera.fr\/wp\/wp-content\/uploads\/2021\/04\/Kiki_objets-cuisine_A1.pdf\" target=\"_blank\" rel=\"noopener\">Vid\u00e9o &#8220;Kiki le grille-pain&#8221; Eco-syst\u00e8mes &#8211; vocabulaire objets de la cuisine A1<\/a><\/span><\/li>\n<li><span style=\"font-family: tahoma, arial, helvetica, sans-serif; font-size: 14px;\"><a href=\"https:\/\/parlera.fr\/wp\/wp-content\/uploads\/2021\/04\/Kiki_objets-cuisine_A2.pdf\" target=\"_blank\" rel=\"noopener\">Vid\u00e9o &#8220;Kiki le grille-pain&#8221; Eco-syst\u00e8mes &#8211; vocabulaire objets de la cuisine A2<\/a><\/span><\/li>\n<li><span style=\"font-family: tahoma, arial, helvetica, sans-serif; font-size: 14px;\"><a href=\"https:\/\/parlera.fr\/wp\/wp-content\/uploads\/2021\/04\/Kiki_recyclage_A2B1.pdf\" target=\"_blank\" rel=\"noopener\">Vid\u00e9o &#8220;Kiki le grille-pain&#8221; Eco-syst\u00e8mes &#8211; recyclage A2-B1<\/a><\/span><\/li>\n<\/ul>\n<p style=\"text-align: center;\"><span style=\"font-family: tahoma, arial, helvetica, sans-serif; font-size: 14px;\">&gt;\u00a0<a href=\"https:\/\/parlera.fr\/wp\/les-centres-ressources\/cri-69\/\">RETOUR A LA PAGE AFI\/ECRIT69<\/a><\/span><\/p>\n<p>&nbsp;<\/p>\n","protected":false},"excerpt":{"rendered":"<p>Vous cherchez \u00e0 (mieux) utiliser des supports vid\u00e9o dans le cadre de vos ateliers ? Fran\u00e7ais Professionnel : exploiter les vid\u00e9os de la Famille Dejobs L\u2019association Sud-Ouest Emploi a cr\u00e9\u00e9 &hellip;<\/p>\n","protected":false},"author":24,"featured_media":0,"parent":8657,"menu_order":0,"comment_status":"closed","ping_status":"closed","template":"","meta":{"_mi_skip_tracking":false,"footnotes":""},"class_list":["post-8908","page","type-page","status-publish","hentry"],"jetpack_shortlink":"https:\/\/wp.me\/P5C1Zr-2jG","jetpack_sharing_enabled":true,"_links":{"self":[{"href":"https:\/\/parlera.fr\/wp\/wp-json\/wp\/v2\/pages\/8908","targetHints":{"allow":["GET"]}}],"collection":[{"href":"https:\/\/parlera.fr\/wp\/wp-json\/wp\/v2\/pages"}],"about":[{"href":"https:\/\/parlera.fr\/wp\/wp-json\/wp\/v2\/types\/page"}],"author":[{"embeddable":true,"href":"https:\/\/parlera.fr\/wp\/wp-json\/wp\/v2\/users\/24"}],"replies":[{"embeddable":true,"href":"https:\/\/parlera.fr\/wp\/wp-json\/wp\/v2\/comments?post=8908"}],"version-history":[{"count":12,"href":"https:\/\/parlera.fr\/wp\/wp-json\/wp\/v2\/pages\/8908\/revisions"}],"predecessor-version":[{"id":21244,"href":"https:\/\/parlera.fr\/wp\/wp-json\/wp\/v2\/pages\/8908\/revisions\/21244"}],"up":[{"embeddable":true,"href":"https:\/\/parlera.fr\/wp\/wp-json\/wp\/v2\/pages\/8657"}],"wp:attachment":[{"href":"https:\/\/parlera.fr\/wp\/wp-json\/wp\/v2\/media?parent=8908"}],"curies":[{"name":"wp","href":"https:\/\/api.w.org\/{rel}","templated":true}]}}